{"id":3240,"date":"2017-06-29T13:23:11","date_gmt":"2017-06-29T13:23:11","guid":{"rendered":"https:\/\/www.rtcnow.com\/sluzby\/video-on-demand\/"},"modified":"2019-08-29T09:43:00","modified_gmt":"2019-08-29T09:43:00","slug":"video-on-demand","status":"publish","type":"page","link":"https:\/\/www.rtcnow.com\/sk\/sluzby\/video-on-demand\/","title":{"rendered":"Video on Demand"},"content":{"rendered":"<div class=\"fusion-fullwidth fullwidth-box fusion-builder-row-1 nonhundred-percent-fullwidth non-hundred-percent-height-scrolling\" style=\"--awb-border-radius-top-left:0px;--awb-border-radius-top-right:0px;--awb-border-radius-bottom-right:0px;--awb-border-radius-bottom-left:0px;--awb-flex-wrap:wrap;\" ><div class=\"fusion-builder-row fusion-row\"><div class=\"fusion-layout-column fusion_builder_column fusion-builder-column-0 fusion_builder_column_2_3 2_3 fusion-two-third fusion-column-first\" style=\"--awb-bg-size:cover;width:66.666666666667%;width:calc(66.666666666667% - ( ( 4% ) * 0.66666666666667 ) );margin-right: 4%;\"><div class=\"fusion-column-wrapper fusion-flex-column-wrapper-legacy\"><div class=\"fusion-text fusion-text-1\"><p>Okrem Live-Streamingu pon\u00fakame tie\u017e &#8222;On-Demand-Streaming&#8220;. Video\u00e1 on Demand (VoD) sa nahraj\u00fa bu\u010f prostredn\u00edctvom n\u00e1\u0161ho servis-port\u00e1lu alebo sa generuj\u00fa z nahrat\u00e9ho obsahu na\u017eivo streamovan\u00e9ho podujatia,\u00a0 \u010do umo\u017en\u00ed V\u00e1\u0161mu publiku u\u017e kr\u00e1tko po skon\u010den\u00ed podujatia pusti\u0165 si video nahr\u00e1vku bez oh\u013eadu na to kedy, kde a na akom zariaden\u00ed.<\/p>\n<p>Iste pozn\u00e1te r\u00f4zne platformy, ktor\u00e9 tak\u00fato slu\u017ebu pon\u00fakaj\u00fa &#8211; napr\u00edklad klasick\u00fd online-videoarch\u00edv telev\u00edznych stan\u00edc. Zatia\u013e \u010do v\u0161ak tu u\u017e zvy\u010dajne obsah po ur\u010ditom \u010dase nie je dostupn\u00fd, s na\u0161ou slu\u017ebou &#8222;Video on demand&#8220;\u00a0 Vy sami ur\u010d\u00edte, ako dlho a na akej platforme bude obsah dostupn\u00fd pre Va\u0161u cie\u013eov\u00fa skupinu.<\/p>\n<p>&#8222;Video on Demand&#8220; ako obsah digit\u00e1lneho m\u00e9dia V\u00e1s rob\u00ed nez\u00e1visl\u00fdmi od klasick\u00fdch m\u00e9di\u00ed, ke\u010f\u017ee tu poskytujete k dispoz\u00edcii obsah Vy. Presne pod\u013ea kr\u00e9da:\u00a0 &#8222;Ka\u017ed\u00fd m\u00f4\u017ee by\u0165 vysielate\u013eom&#8220;!<\/p>\n<\/div><div class=\"fusion-clearfix\"><\/div><\/div><\/div><div class=\"fusion-layout-column fusion_builder_column fusion-builder-column-1 fusion_builder_column_1_3 1_3 fusion-one-third fusion-column-last\" style=\"--awb-bg-size:cover;width:33.333333333333%;width:calc(33.333333333333% - ( ( 4% ) * 0.33333333333333 ) );\"><div class=\"fusion-column-wrapper fusion-flex-column-wrapper-legacy\"><div class=\"fusion-widget-area awb-widget-area-element fusion-widget-area-1 fusion-content-widget-area\" style=\"--awb-title-size:18px;--awb-title-color:#333333;--awb-padding:0px 0px 0px 0px;\"><div id=\"nav_menu-3\" class=\"widget widget_nav_menu\"><div class=\"menu-submenu_services-slowakisch-container\"><ul id=\"menu-submenu_services-slowakisch\" class=\"menu\"><li id=\"menu-item-3248\" class=\"menu-item menu-item-type-post_type menu-item-object-page menu-item-3248\"><a href=\"https:\/\/www.rtcnow.com\/sk\/sluzby\/\">Slu\u017eby<\/a><\/li>\n<li id=\"menu-item-3249\" class=\"menu-item menu-item-type-post_type menu-item-object-page menu-item-3249\"><a href=\"https:\/\/www.rtcnow.com\/sk\/sluzby\/livestreaming\/\">Livestreaming<\/a><\/li>\n<li id=\"menu-item-3250\" class=\"menu-item menu-item-type-post_type menu-item-object-page menu-item-3250\"><a href=\"https:\/\/www.rtcnow.com\/sk\/sluzby\/video-on-demand\/\">Video on Demand<\/a><\/li>\n<li id=\"menu-item-3251\" class=\"menu-item menu-item-type-post_type menu-item-object-page menu-item-3251\"><a href=\"https:\/\/www.rtcnow.com\/sk\/sluzby\/streamticketing\/\">Streamticketing<\/a><\/li>\n<\/ul><\/div><\/div><div class=\"fusion-additional-widget-content\"><\/div><\/div><div class=\"fusion-clearfix\"><\/div><\/div><\/div><\/div><\/div>\n","protected":false},"excerpt":{"rendered":"","protected":false},"author":3,"featured_media":0,"parent":3234,"menu_order":0,"comment_status":"closed","ping_status":"closed","template":"","meta":{"footnotes":""},"class_list":["post-3240","page","type-page","status-publish","hentry"],"yoast_head":"<!-- This site is optimized with the Yoast SEO plugin v26.7 - https:\/\/yoast.com\/wordpress\/plugins\/seo\/ -->\n<title>Video on Demand - RTCnow Streaming Services<\/title>\n<meta name=\"robots\" content=\"index, follow, max-snippet:-1, max-image-preview:large, max-video-preview:-1\" \/>\n<link rel=\"canonical\" href=\"https:\/\/www.rtcnow.com\/sk\/sluzby\/video-on-demand\/\" \/>\n<meta property=\"og:locale\" content=\"sk_SK\" \/>\n<meta property=\"og:type\" content=\"article\" \/>\n<meta property=\"og:title\" content=\"Video on Demand - RTCnow Streaming Services\" \/>\n<meta property=\"og:url\" content=\"https:\/\/www.rtcnow.com\/sk\/sluzby\/video-on-demand\/\" \/>\n<meta property=\"og:site_name\" content=\"RTCnow Streaming Services\" \/>\n<meta property=\"article:modified_time\" content=\"2019-08-29T09:43:00+00:00\" \/>\n<meta name=\"twitter:card\" content=\"summary_large_image\" \/>\n<meta name=\"twitter:label1\" content=\"Predpokladan\u00fd \u010das \u010d\u00edtania\" \/>\n\t<meta name=\"twitter:data1\" content=\"2 min\u00faty\" \/>\n<script type=\"application\/ld+json\" class=\"yoast-schema-graph\">{\"@context\":\"https:\/\/schema.org\",\"@graph\":[{\"@type\":\"WebPage\",\"@id\":\"https:\/\/www.rtcnow.com\/sk\/sluzby\/video-on-demand\/\",\"url\":\"https:\/\/www.rtcnow.com\/sk\/sluzby\/video-on-demand\/\",\"name\":\"Video on Demand - RTCnow Streaming Services\",\"isPartOf\":{\"@id\":\"https:\/\/www.rtcnow.com\/de\/#website\"},\"datePublished\":\"2017-06-29T13:23:11+00:00\",\"dateModified\":\"2019-08-29T09:43:00+00:00\",\"breadcrumb\":{\"@id\":\"https:\/\/www.rtcnow.com\/sk\/sluzby\/video-on-demand\/#breadcrumb\"},\"inLanguage\":\"sk-SK\",\"potentialAction\":[{\"@type\":\"ReadAction\",\"target\":[\"https:\/\/www.rtcnow.com\/sk\/sluzby\/video-on-demand\/\"]}]},{\"@type\":\"BreadcrumbList\",\"@id\":\"https:\/\/www.rtcnow.com\/sk\/sluzby\/video-on-demand\/#breadcrumb\",\"itemListElement\":[{\"@type\":\"ListItem\",\"position\":1,\"name\":\"Home\",\"item\":\"https:\/\/www.rtcnow.com\/sk\/\"},{\"@type\":\"ListItem\",\"position\":2,\"name\":\"Slu\u017eby\",\"item\":\"https:\/\/www.rtcnow.com\/sk\/sluzby\/\"},{\"@type\":\"ListItem\",\"position\":3,\"name\":\"Video on Demand\"}]},{\"@type\":\"WebSite\",\"@id\":\"https:\/\/www.rtcnow.com\/de\/#website\",\"url\":\"https:\/\/www.rtcnow.com\/de\/\",\"name\":\"RTCnow Streaming Services\",\"description\":\"Corporate Website of RTCnow\",\"potentialAction\":[{\"@type\":\"SearchAction\",\"target\":{\"@type\":\"EntryPoint\",\"urlTemplate\":\"https:\/\/www.rtcnow.com\/de\/?s={search_term_string}\"},\"query-input\":{\"@type\":\"PropertyValueSpecification\",\"valueRequired\":true,\"valueName\":\"search_term_string\"}}],\"inLanguage\":\"sk-SK\"}]}<\/script>\n<!-- \/ Yoast SEO plugin. -->","yoast_head_json":{"title":"Video on Demand - RTCnow Streaming Services","robots":{"index":"index","follow":"follow","max-snippet":"max-snippet:-1","max-image-preview":"max-image-preview:large","max-video-preview":"max-video-preview:-1"},"canonical":"https:\/\/www.rtcnow.com\/sk\/sluzby\/video-on-demand\/","og_locale":"sk_SK","og_type":"article","og_title":"Video on Demand - RTCnow Streaming Services","og_url":"https:\/\/www.rtcnow.com\/sk\/sluzby\/video-on-demand\/","og_site_name":"RTCnow Streaming Services","article_modified_time":"2019-08-29T09:43:00+00:00","twitter_card":"summary_large_image","twitter_misc":{"Predpokladan\u00fd \u010das \u010d\u00edtania":"2 min\u00faty"},"schema":{"@context":"https:\/\/schema.org","@graph":[{"@type":"WebPage","@id":"https:\/\/www.rtcnow.com\/sk\/sluzby\/video-on-demand\/","url":"https:\/\/www.rtcnow.com\/sk\/sluzby\/video-on-demand\/","name":"Video on Demand - RTCnow Streaming Services","isPartOf":{"@id":"https:\/\/www.rtcnow.com\/de\/#website"},"datePublished":"2017-06-29T13:23:11+00:00","dateModified":"2019-08-29T09:43:00+00:00","breadcrumb":{"@id":"https:\/\/www.rtcnow.com\/sk\/sluzby\/video-on-demand\/#breadcrumb"},"inLanguage":"sk-SK","potentialAction":[{"@type":"ReadAction","target":["https:\/\/www.rtcnow.com\/sk\/sluzby\/video-on-demand\/"]}]},{"@type":"BreadcrumbList","@id":"https:\/\/www.rtcnow.com\/sk\/sluzby\/video-on-demand\/#breadcrumb","itemListElement":[{"@type":"ListItem","position":1,"name":"Home","item":"https:\/\/www.rtcnow.com\/sk\/"},{"@type":"ListItem","position":2,"name":"Slu\u017eby","item":"https:\/\/www.rtcnow.com\/sk\/sluzby\/"},{"@type":"ListItem","position":3,"name":"Video on Demand"}]},{"@type":"WebSite","@id":"https:\/\/www.rtcnow.com\/de\/#website","url":"https:\/\/www.rtcnow.com\/de\/","name":"RTCnow Streaming Services","description":"Corporate Website of RTCnow","potentialAction":[{"@type":"SearchAction","target":{"@type":"EntryPoint","urlTemplate":"https:\/\/www.rtcnow.com\/de\/?s={search_term_string}"},"query-input":{"@type":"PropertyValueSpecification","valueRequired":true,"valueName":"search_term_string"}}],"inLanguage":"sk-SK"}]}},"_links":{"self":[{"href":"https:\/\/www.rtcnow.com\/sk\/wp-json\/wp\/v2\/pages\/3240","targetHints":{"allow":["GET"]}}],"collection":[{"href":"https:\/\/www.rtcnow.com\/sk\/wp-json\/wp\/v2\/pages"}],"about":[{"href":"https:\/\/www.rtcnow.com\/sk\/wp-json\/wp\/v2\/types\/page"}],"author":[{"embeddable":true,"href":"https:\/\/www.rtcnow.com\/sk\/wp-json\/wp\/v2\/users\/3"}],"replies":[{"embeddable":true,"href":"https:\/\/www.rtcnow.com\/sk\/wp-json\/wp\/v2\/comments?post=3240"}],"version-history":[{"count":3,"href":"https:\/\/www.rtcnow.com\/sk\/wp-json\/wp\/v2\/pages\/3240\/revisions"}],"predecessor-version":[{"id":3253,"href":"https:\/\/www.rtcnow.com\/sk\/wp-json\/wp\/v2\/pages\/3240\/revisions\/3253"}],"up":[{"embeddable":true,"href":"https:\/\/www.rtcnow.com\/sk\/wp-json\/wp\/v2\/pages\/3234"}],"wp:attachment":[{"href":"https:\/\/www.rtcnow.com\/sk\/wp-json\/wp\/v2\/media?parent=3240"}],"curies":[{"name":"wp","href":"https:\/\/api.w.org\/{rel}","templated":true}]}}