{"id":3236,"date":"2017-06-29T13:20:23","date_gmt":"2017-06-29T13:20:23","guid":{"rendered":"https:\/\/www.rtcnow.com\/sluzby\/livestreaming\/"},"modified":"2019-08-29T09:09:34","modified_gmt":"2019-08-29T09:09:34","slug":"livestreaming","status":"publish","type":"page","link":"https:\/\/www.rtcnow.com\/sk\/sluzby\/livestreaming\/","title":{"rendered":"Livestreaming"},"content":{"rendered":"<div class=\"fusion-fullwidth fullwidth-box fusion-builder-row-1 nonhundred-percent-fullwidth non-hundred-percent-height-scrolling\" style=\"--awb-border-radius-top-left:0px;--awb-border-radius-top-right:0px;--awb-border-radius-bottom-right:0px;--awb-border-radius-bottom-left:0px;--awb-flex-wrap:wrap;\" ><div class=\"fusion-builder-row fusion-row\"><div class=\"fusion-layout-column fusion_builder_column fusion-builder-column-0 fusion_builder_column_2_3 2_3 fusion-two-third fusion-column-first\" style=\"--awb-bg-size:cover;width:66.666666666667%;width:calc(66.666666666667% - ( ( 4% ) * 0.66666666666667 ) );margin-right: 4%;\"><div class=\"fusion-column-wrapper fusion-flex-column-wrapper-legacy\"><div class=\"fusion-text fusion-text-1\"><p>RTCnow V\u00e1m pon\u00faka Live-Streaming pre podnikov\u00fa komunik\u00e1ciu orientovan\u00fa na \u00faspech.<\/p>\n<p>Live-Streaming ist mocn\u00e1, profesion\u00e1lna a cenovo efekt\u00edvna technol\u00f3gia, ktorou oslov\u00edte cie\u013eov\u00e9 publikum glob\u00e1lne na celom svete. \u010ci u\u017e je to tla\u010dov\u00e1 konferencia, konferencia, kongres, valn\u00e9 zhroma\u017edenie akcion\u00e1rov, prezent\u00e1cia produktov alebo E-Learning: Live-Streaming je digit\u00e1lna cesta k V\u00e1\u0161mu publiku.<\/p>\n<p><strong>Vlastn\u00e1 infra\u0161trukt\u00fara pre optim\u00e1lny div\u00e1cky z\u00e1\u017eitok<\/strong><\/p>\n<p>V\u010faka na\u0161ej vlastnej infra\u0161trukt\u00fare v Eur\u00f3pe, USA a v \u00c1zii V\u00e1m dok\u00e1\u017eeme zaru\u010di\u0165 glob\u00e1lny dosah a najlep\u0161\u00ed z\u00e1\u017eitok z videa pre Va\u0161e cie\u013eov\u00e9 publikum. V s\u00fa\u010dasnosti pracujeme na \u010fal\u0161\u00edch \u201ePoints of Presence\u201c.<\/p>\n<p><strong>Ako funguje Live-Streaming?<\/strong><\/p>\n<p>HD sign\u00e1l vysielan\u00fd kamerou alebo striha\u010dom obrazov\u00e9ho sign\u00e1lu je prepojen\u00fd na po\u010d\u00edta\u010d, ktor\u00fd sign\u00e1l zdigitalizuje. Pod t\u00fdmto pojmom rozumiememe konvertovanie z HDMI alebo HD-SDI Videosign\u00e1lu do po\u010d\u00edta\u010dov\u00e9ho form\u00e1tu d\u00e1t. HD-Videosign\u00e1l sa n\u00e1sledne konvertuje pomocou streamingov\u00e9ho softv\u00e9ru do internetov\u00e9ho streamu a za\u0161le sa do najbli\u010d\u0161ieho serveru. Ten spracuje sign\u00e1l tak, aby bolo stream\u00a0 mo\u017en\u00e9 spusti\u0165 na v\u0161etk\u00fdch zariadeniach &#8211; smartphone, tablet, PC, smart-TV v tej najlep\u0161ej kvalite.<\/p>\n<p><strong>Ako sa dostan\u00fa na\u0161i z\u00e1kazn\u00edci k streamu?<\/strong><\/p>\n<p>Dostan\u00fa od n\u00e1s tzv. Embedding-Code, ktor\u00fd m\u00f4\u017eu ve\u013emi jednoduch\u00fdm sp\u00f4sobom\u00a0 integrova\u0165 do svojej webovej str\u00e1nky. Stream sa d\u00e1 n\u00e1sledne \u010falej zasla\u0165 aj na YouTube alebo Facebook. Od tohto momentu m\u00f4\u017ee nahr\u00e1vku sledova\u0165 publikum po celom svete prostredn\u00edctvom r\u00f4znych komunika\u010dn\u00fdch kan\u00e1lov. S Live-Stream-nahr\u00e1vkou m\u00f4\u017eete pon\u00faknu\u0165 Video tie\u017e ako &#8222;Video on Demand&#8220; a to u\u017e kr\u00e1tko po skon\u010den\u00ed podujatia.<\/p>\n<\/div><div class=\"fusion-clearfix\"><\/div><\/div><\/div><div class=\"fusion-layout-column fusion_builder_column fusion-builder-column-1 fusion_builder_column_1_3 1_3 fusion-one-third fusion-column-last\" style=\"--awb-bg-size:cover;width:33.333333333333%;width:calc(33.333333333333% - ( ( 4% ) * 0.33333333333333 ) );\"><div class=\"fusion-column-wrapper fusion-flex-column-wrapper-legacy\"><div class=\"fusion-widget-area awb-widget-area-element fusion-widget-area-1 fusion-content-widget-area\" style=\"--awb-title-size:18px;--awb-title-color:#333333;--awb-padding:0px 0px 0px 0px;\"><div id=\"nav_menu-3\" class=\"widget widget_nav_menu\"><div class=\"menu-submenu_services-slowakisch-container\"><ul id=\"menu-submenu_services-slowakisch\" class=\"menu\"><li id=\"menu-item-3248\" class=\"menu-item menu-item-type-post_type menu-item-object-page menu-item-3248\"><a href=\"https:\/\/www.rtcnow.com\/sk\/sluzby\/\">Slu\u017eby<\/a><\/li>\n<li id=\"menu-item-3249\" class=\"menu-item menu-item-type-post_type menu-item-object-page menu-item-3249\"><a href=\"https:\/\/www.rtcnow.com\/sk\/sluzby\/livestreaming\/\">Livestreaming<\/a><\/li>\n<li id=\"menu-item-3250\" class=\"menu-item menu-item-type-post_type menu-item-object-page menu-item-3250\"><a href=\"https:\/\/www.rtcnow.com\/sk\/sluzby\/video-on-demand\/\">Video on Demand<\/a><\/li>\n<li id=\"menu-item-3251\" class=\"menu-item menu-item-type-post_type menu-item-object-page menu-item-3251\"><a href=\"https:\/\/www.rtcnow.com\/sk\/sluzby\/streamticketing\/\">Streamticketing<\/a><\/li>\n<\/ul><\/div><\/div><div class=\"fusion-additional-widget-content\"><\/div><\/div><div class=\"fusion-clearfix\"><\/div><\/div><\/div><\/div><\/div>\n","protected":false},"excerpt":{"rendered":"","protected":false},"author":3,"featured_media":0,"parent":3234,"menu_order":0,"comment_status":"closed","ping_status":"closed","template":"","meta":{"footnotes":""},"class_list":["post-3236","page","type-page","status-publish","hentry"],"yoast_head":"<!-- This site is optimized with the Yoast SEO plugin v26.7 - https:\/\/yoast.com\/wordpress\/plugins\/seo\/ -->\n<title>Livestreaming - RTCnow Streaming Services<\/title>\n<meta name=\"robots\" content=\"index, follow, max-snippet:-1, max-image-preview:large, max-video-preview:-1\" \/>\n<link rel=\"canonical\" href=\"https:\/\/www.rtcnow.com\/sk\/sluzby\/livestreaming\/\" \/>\n<meta property=\"og:locale\" content=\"sk_SK\" \/>\n<meta property=\"og:type\" content=\"article\" \/>\n<meta property=\"og:title\" content=\"Livestreaming - RTCnow Streaming Services\" \/>\n<meta property=\"og:url\" content=\"https:\/\/www.rtcnow.com\/sk\/sluzby\/livestreaming\/\" \/>\n<meta property=\"og:site_name\" content=\"RTCnow Streaming Services\" \/>\n<meta property=\"article:modified_time\" content=\"2019-08-29T09:09:34+00:00\" \/>\n<meta name=\"twitter:card\" content=\"summary_large_image\" \/>\n<meta name=\"twitter:label1\" content=\"Predpokladan\u00fd \u010das \u010d\u00edtania\" \/>\n\t<meta name=\"twitter:data1\" content=\"3 min\u00faty\" \/>\n<script type=\"application\/ld+json\" class=\"yoast-schema-graph\">{\"@context\":\"https:\/\/schema.org\",\"@graph\":[{\"@type\":\"WebPage\",\"@id\":\"https:\/\/www.rtcnow.com\/sk\/sluzby\/livestreaming\/\",\"url\":\"https:\/\/www.rtcnow.com\/sk\/sluzby\/livestreaming\/\",\"name\":\"Livestreaming - RTCnow Streaming Services\",\"isPartOf\":{\"@id\":\"https:\/\/www.rtcnow.com\/de\/#website\"},\"datePublished\":\"2017-06-29T13:20:23+00:00\",\"dateModified\":\"2019-08-29T09:09:34+00:00\",\"breadcrumb\":{\"@id\":\"https:\/\/www.rtcnow.com\/sk\/sluzby\/livestreaming\/#breadcrumb\"},\"inLanguage\":\"sk-SK\",\"potentialAction\":[{\"@type\":\"ReadAction\",\"target\":[\"https:\/\/www.rtcnow.com\/sk\/sluzby\/livestreaming\/\"]}]},{\"@type\":\"BreadcrumbList\",\"@id\":\"https:\/\/www.rtcnow.com\/sk\/sluzby\/livestreaming\/#breadcrumb\",\"itemListElement\":[{\"@type\":\"ListItem\",\"position\":1,\"name\":\"Home\",\"item\":\"https:\/\/www.rtcnow.com\/sk\/\"},{\"@type\":\"ListItem\",\"position\":2,\"name\":\"Slu\u017eby\",\"item\":\"https:\/\/www.rtcnow.com\/sk\/sluzby\/\"},{\"@type\":\"ListItem\",\"position\":3,\"name\":\"Livestreaming\"}]},{\"@type\":\"WebSite\",\"@id\":\"https:\/\/www.rtcnow.com\/de\/#website\",\"url\":\"https:\/\/www.rtcnow.com\/de\/\",\"name\":\"RTCnow Streaming Services\",\"description\":\"Corporate Website of RTCnow\",\"potentialAction\":[{\"@type\":\"SearchAction\",\"target\":{\"@type\":\"EntryPoint\",\"urlTemplate\":\"https:\/\/www.rtcnow.com\/de\/?s={search_term_string}\"},\"query-input\":{\"@type\":\"PropertyValueSpecification\",\"valueRequired\":true,\"valueName\":\"search_term_string\"}}],\"inLanguage\":\"sk-SK\"}]}<\/script>\n<!-- \/ Yoast SEO plugin. -->","yoast_head_json":{"title":"Livestreaming - RTCnow Streaming Services","robots":{"index":"index","follow":"follow","max-snippet":"max-snippet:-1","max-image-preview":"max-image-preview:large","max-video-preview":"max-video-preview:-1"},"canonical":"https:\/\/www.rtcnow.com\/sk\/sluzby\/livestreaming\/","og_locale":"sk_SK","og_type":"article","og_title":"Livestreaming - RTCnow Streaming Services","og_url":"https:\/\/www.rtcnow.com\/sk\/sluzby\/livestreaming\/","og_site_name":"RTCnow Streaming Services","article_modified_time":"2019-08-29T09:09:34+00:00","twitter_card":"summary_large_image","twitter_misc":{"Predpokladan\u00fd \u010das \u010d\u00edtania":"3 min\u00faty"},"schema":{"@context":"https:\/\/schema.org","@graph":[{"@type":"WebPage","@id":"https:\/\/www.rtcnow.com\/sk\/sluzby\/livestreaming\/","url":"https:\/\/www.rtcnow.com\/sk\/sluzby\/livestreaming\/","name":"Livestreaming - RTCnow Streaming Services","isPartOf":{"@id":"https:\/\/www.rtcnow.com\/de\/#website"},"datePublished":"2017-06-29T13:20:23+00:00","dateModified":"2019-08-29T09:09:34+00:00","breadcrumb":{"@id":"https:\/\/www.rtcnow.com\/sk\/sluzby\/livestreaming\/#breadcrumb"},"inLanguage":"sk-SK","potentialAction":[{"@type":"ReadAction","target":["https:\/\/www.rtcnow.com\/sk\/sluzby\/livestreaming\/"]}]},{"@type":"BreadcrumbList","@id":"https:\/\/www.rtcnow.com\/sk\/sluzby\/livestreaming\/#breadcrumb","itemListElement":[{"@type":"ListItem","position":1,"name":"Home","item":"https:\/\/www.rtcnow.com\/sk\/"},{"@type":"ListItem","position":2,"name":"Slu\u017eby","item":"https:\/\/www.rtcnow.com\/sk\/sluzby\/"},{"@type":"ListItem","position":3,"name":"Livestreaming"}]},{"@type":"WebSite","@id":"https:\/\/www.rtcnow.com\/de\/#website","url":"https:\/\/www.rtcnow.com\/de\/","name":"RTCnow Streaming Services","description":"Corporate Website of RTCnow","potentialAction":[{"@type":"SearchAction","target":{"@type":"EntryPoint","urlTemplate":"https:\/\/www.rtcnow.com\/de\/?s={search_term_string}"},"query-input":{"@type":"PropertyValueSpecification","valueRequired":true,"valueName":"search_term_string"}}],"inLanguage":"sk-SK"}]}},"_links":{"self":[{"href":"https:\/\/www.rtcnow.com\/sk\/wp-json\/wp\/v2\/pages\/3236","targetHints":{"allow":["GET"]}}],"collection":[{"href":"https:\/\/www.rtcnow.com\/sk\/wp-json\/wp\/v2\/pages"}],"about":[{"href":"https:\/\/www.rtcnow.com\/sk\/wp-json\/wp\/v2\/types\/page"}],"author":[{"embeddable":true,"href":"https:\/\/www.rtcnow.com\/sk\/wp-json\/wp\/v2\/users\/3"}],"replies":[{"embeddable":true,"href":"https:\/\/www.rtcnow.com\/sk\/wp-json\/wp\/v2\/comments?post=3236"}],"version-history":[{"count":1,"href":"https:\/\/www.rtcnow.com\/sk\/wp-json\/wp\/v2\/pages\/3236\/revisions"}],"predecessor-version":[{"id":3237,"href":"https:\/\/www.rtcnow.com\/sk\/wp-json\/wp\/v2\/pages\/3236\/revisions\/3237"}],"up":[{"embeddable":true,"href":"https:\/\/www.rtcnow.com\/sk\/wp-json\/wp\/v2\/pages\/3234"}],"wp:attachment":[{"href":"https:\/\/www.rtcnow.com\/sk\/wp-json\/wp\/v2\/media?parent=3236"}],"curies":[{"name":"wp","href":"https:\/\/api.w.org\/{rel}","templated":true}]}}