{"id":3234,"date":"2019-08-29T09:08:56","date_gmt":"2019-08-29T09:08:56","guid":{"rendered":"https:\/\/www.rtcnow.com\/sluzby\/"},"modified":"2019-08-29T09:08:58","modified_gmt":"2019-08-29T09:08:58","slug":"sluzby","status":"publish","type":"page","link":"https:\/\/www.rtcnow.com\/sk\/sluzby\/","title":{"rendered":"Slu\u017eby"},"content":{"rendered":"<div class=\"fusion-fullwidth fullwidth-box fusion-builder-row-1 nonhundred-percent-fullwidth non-hundred-percent-height-scrolling\" style=\"--awb-border-radius-top-left:0px;--awb-border-radius-top-right:0px;--awb-border-radius-bottom-right:0px;--awb-border-radius-bottom-left:0px;--awb-flex-wrap:wrap;\" ><div class=\"fusion-builder-row fusion-row\"><div class=\"fusion-layout-column fusion_builder_column fusion-builder-column-0 fusion_builder_column_2_3 2_3 fusion-two-third fusion-column-first\" style=\"--awb-bg-size:cover;width:66.666666666667%;width:calc(66.666666666667% - ( ( 4% ) * 0.66666666666667 ) );margin-right: 4%;\"><div class=\"fusion-column-wrapper fusion-flex-column-wrapper-legacy\"><div class=\"fusion-text fusion-text-1\"><p>Pomocou digit\u00e1lnych m\u00e9di\u00ed sprostredkujete Va\u0161e posolstvo priamo cie\u013eovej skupine. V\u010faka na\u0161ej celosvetovej infra\u0161trukt\u00fare m\u00f4\u017eete prostredn\u00edctvom live-streaming-slu\u017eby sprostredkova\u0165\u00a0 \u201eBreaking News\u201c v re\u00e1lnom \u010dase a dodato\u010dne stream poskytn\u00fa\u0165 kr\u00e1tko po nato\u010den\u00ed ako \u201eVideo on Demand&#8220;. Obsah m\u00f4\u017eete spr\u00edstupni\u0165 bu\u010f v\u00fdlu\u010dne ur\u010ditej cie\u013eovej skupine alebo celej verejnosti.<\/p>\n<\/div><div class=\"fusion-testimonials classic awb-speech-bubble-show fusion-testimonials-1\" style=\"--awb-textcolor:#747474;--awb-backgroundcolor:#f6f6f6;--awb-testimonial-border-style:solid;--awb-testimonial-border-color:var(--awb-color3);--awb-border-top-left-radius:0px;--awb-border-top-right-radius:0px;--awb-border-bottom-left-radius:0px;--awb-border-bottom-right-radius:0px;--testimonial-border-width-top:0px;--testimonial-border-width-right:0px;--testimonial-border-width-bottom:0px;--testimonial-border-width-left:0px;\" data-random=\"0\" data-speed=\"4000\"><div class=\"reviews\"><div class=\"review active-testimonial male\"><blockquote><div class=\"awb-quote\"><div class=\"awb-quote-content\">\n<p><strong><span class=\"s1\"><i>This is the future, streaming is the future. TV will not be TV in five years from now\u2026everyone will be streaming.<\/i><\/span><\/strong><\/p>\n<\/div><\/div><span class=\"awb-triangle\"><\/span><\/blockquote><div class=\"author\"><span class=\"testimonial-thumbnail doe\"><\/span><span class=\"company-name\"><strong>Beau Willimon (scen\u00e1rista \u201eHouse of Cards\u201c)<\/strong><span>, <\/span><span>Netflix<\/span><\/span><\/div><\/div><\/div><\/div><div class=\"fusion-clearfix\"><\/div><\/div><\/div><div class=\"fusion-layout-column fusion_builder_column fusion-builder-column-1 fusion_builder_column_1_3 1_3 fusion-one-third fusion-column-last\" style=\"--awb-bg-size:cover;width:33.333333333333%;width:calc(33.333333333333% - ( ( 4% ) * 0.33333333333333 ) );\"><div class=\"fusion-column-wrapper fusion-flex-column-wrapper-legacy\"><div class=\"fusion-widget-area awb-widget-area-element fusion-widget-area-1 fusion-content-widget-area\" style=\"--awb-title-size:18px;--awb-title-color:#333333;--awb-padding:0px 0px 0px 0px;\"><div id=\"nav_menu-3\" class=\"widget widget_nav_menu\"><div class=\"menu-submenu_services-slowakisch-container\"><ul id=\"menu-submenu_services-slowakisch\" class=\"menu\"><li id=\"menu-item-3248\" class=\"menu-item menu-item-type-post_type menu-item-object-page menu-item-3248\"><a href=\"https:\/\/www.rtcnow.com\/sk\/sluzby\/\">Slu\u017eby<\/a><\/li>\n<li id=\"menu-item-3249\" class=\"menu-item menu-item-type-post_type menu-item-object-page menu-item-3249\"><a href=\"https:\/\/www.rtcnow.com\/sk\/sluzby\/livestreaming\/\">Livestreaming<\/a><\/li>\n<li id=\"menu-item-3250\" class=\"menu-item menu-item-type-post_type menu-item-object-page menu-item-3250\"><a href=\"https:\/\/www.rtcnow.com\/sk\/sluzby\/video-on-demand\/\">Video on Demand<\/a><\/li>\n<li id=\"menu-item-3251\" class=\"menu-item menu-item-type-post_type menu-item-object-page menu-item-3251\"><a href=\"https:\/\/www.rtcnow.com\/sk\/sluzby\/streamticketing\/\">Streamticketing<\/a><\/li>\n<\/ul><\/div><\/div><div class=\"fusion-additional-widget-content\"><\/div><\/div><div class=\"fusion-clearfix\"><\/div><\/div><\/div><\/div><\/div>\n","protected":false},"excerpt":{"rendered":"","protected":false},"author":3,"featured_media":0,"parent":0,"menu_order":0,"comment_status":"closed","ping_status":"closed","template":"","meta":{"footnotes":""},"class_list":["post-3234","page","type-page","status-publish","hentry"],"yoast_head":"<!-- This site is optimized with the Yoast SEO plugin v26.7 - https:\/\/yoast.com\/wordpress\/plugins\/seo\/ -->\n<title>Slu\u017eby - RTCnow Streaming Services<\/title>\n<meta name=\"robots\" content=\"index, follow, max-snippet:-1, max-image-preview:large, max-video-preview:-1\" \/>\n<link rel=\"canonical\" href=\"https:\/\/www.rtcnow.com\/sk\/sluzby\/\" \/>\n<meta property=\"og:locale\" content=\"sk_SK\" \/>\n<meta property=\"og:type\" content=\"article\" \/>\n<meta property=\"og:title\" content=\"Slu\u017eby - RTCnow Streaming Services\" \/>\n<meta property=\"og:url\" content=\"https:\/\/www.rtcnow.com\/sk\/sluzby\/\" \/>\n<meta property=\"og:site_name\" content=\"RTCnow Streaming Services\" \/>\n<meta property=\"article:modified_time\" content=\"2019-08-29T09:08:58+00:00\" \/>\n<meta name=\"twitter:card\" content=\"summary_large_image\" \/>\n<meta name=\"twitter:label1\" content=\"Predpokladan\u00fd \u010das \u010d\u00edtania\" \/>\n\t<meta name=\"twitter:data1\" content=\"2 min\u00faty\" \/>\n<script type=\"application\/ld+json\" class=\"yoast-schema-graph\">{\"@context\":\"https:\/\/schema.org\",\"@graph\":[{\"@type\":\"WebPage\",\"@id\":\"https:\/\/www.rtcnow.com\/sk\/sluzby\/\",\"url\":\"https:\/\/www.rtcnow.com\/sk\/sluzby\/\",\"name\":\"Slu\u017eby - RTCnow Streaming Services\",\"isPartOf\":{\"@id\":\"https:\/\/www.rtcnow.com\/de\/#website\"},\"datePublished\":\"2019-08-29T09:08:56+00:00\",\"dateModified\":\"2019-08-29T09:08:58+00:00\",\"breadcrumb\":{\"@id\":\"https:\/\/www.rtcnow.com\/sk\/sluzby\/#breadcrumb\"},\"inLanguage\":\"sk-SK\",\"potentialAction\":[{\"@type\":\"ReadAction\",\"target\":[\"https:\/\/www.rtcnow.com\/sk\/sluzby\/\"]}]},{\"@type\":\"BreadcrumbList\",\"@id\":\"https:\/\/www.rtcnow.com\/sk\/sluzby\/#breadcrumb\",\"itemListElement\":[{\"@type\":\"ListItem\",\"position\":1,\"name\":\"Home\",\"item\":\"https:\/\/www.rtcnow.com\/sk\/\"},{\"@type\":\"ListItem\",\"position\":2,\"name\":\"Slu\u017eby\"}]},{\"@type\":\"WebSite\",\"@id\":\"https:\/\/www.rtcnow.com\/de\/#website\",\"url\":\"https:\/\/www.rtcnow.com\/de\/\",\"name\":\"RTCnow Streaming Services\",\"description\":\"Corporate Website of RTCnow\",\"potentialAction\":[{\"@type\":\"SearchAction\",\"target\":{\"@type\":\"EntryPoint\",\"urlTemplate\":\"https:\/\/www.rtcnow.com\/de\/?s={search_term_string}\"},\"query-input\":{\"@type\":\"PropertyValueSpecification\",\"valueRequired\":true,\"valueName\":\"search_term_string\"}}],\"inLanguage\":\"sk-SK\"}]}<\/script>\n<!-- \/ Yoast SEO plugin. -->","yoast_head_json":{"title":"Slu\u017eby - RTCnow Streaming Services","robots":{"index":"index","follow":"follow","max-snippet":"max-snippet:-1","max-image-preview":"max-image-preview:large","max-video-preview":"max-video-preview:-1"},"canonical":"https:\/\/www.rtcnow.com\/sk\/sluzby\/","og_locale":"sk_SK","og_type":"article","og_title":"Slu\u017eby - RTCnow Streaming Services","og_url":"https:\/\/www.rtcnow.com\/sk\/sluzby\/","og_site_name":"RTCnow Streaming Services","article_modified_time":"2019-08-29T09:08:58+00:00","twitter_card":"summary_large_image","twitter_misc":{"Predpokladan\u00fd \u010das \u010d\u00edtania":"2 min\u00faty"},"schema":{"@context":"https:\/\/schema.org","@graph":[{"@type":"WebPage","@id":"https:\/\/www.rtcnow.com\/sk\/sluzby\/","url":"https:\/\/www.rtcnow.com\/sk\/sluzby\/","name":"Slu\u017eby - RTCnow Streaming Services","isPartOf":{"@id":"https:\/\/www.rtcnow.com\/de\/#website"},"datePublished":"2019-08-29T09:08:56+00:00","dateModified":"2019-08-29T09:08:58+00:00","breadcrumb":{"@id":"https:\/\/www.rtcnow.com\/sk\/sluzby\/#breadcrumb"},"inLanguage":"sk-SK","potentialAction":[{"@type":"ReadAction","target":["https:\/\/www.rtcnow.com\/sk\/sluzby\/"]}]},{"@type":"BreadcrumbList","@id":"https:\/\/www.rtcnow.com\/sk\/sluzby\/#breadcrumb","itemListElement":[{"@type":"ListItem","position":1,"name":"Home","item":"https:\/\/www.rtcnow.com\/sk\/"},{"@type":"ListItem","position":2,"name":"Slu\u017eby"}]},{"@type":"WebSite","@id":"https:\/\/www.rtcnow.com\/de\/#website","url":"https:\/\/www.rtcnow.com\/de\/","name":"RTCnow Streaming Services","description":"Corporate Website of RTCnow","potentialAction":[{"@type":"SearchAction","target":{"@type":"EntryPoint","urlTemplate":"https:\/\/www.rtcnow.com\/de\/?s={search_term_string}"},"query-input":{"@type":"PropertyValueSpecification","valueRequired":true,"valueName":"search_term_string"}}],"inLanguage":"sk-SK"}]}},"_links":{"self":[{"href":"https:\/\/www.rtcnow.com\/sk\/wp-json\/wp\/v2\/pages\/3234","targetHints":{"allow":["GET"]}}],"collection":[{"href":"https:\/\/www.rtcnow.com\/sk\/wp-json\/wp\/v2\/pages"}],"about":[{"href":"https:\/\/www.rtcnow.com\/sk\/wp-json\/wp\/v2\/types\/page"}],"author":[{"embeddable":true,"href":"https:\/\/www.rtcnow.com\/sk\/wp-json\/wp\/v2\/users\/3"}],"replies":[{"embeddable":true,"href":"https:\/\/www.rtcnow.com\/sk\/wp-json\/wp\/v2\/comments?post=3234"}],"version-history":[{"count":1,"href":"https:\/\/www.rtcnow.com\/sk\/wp-json\/wp\/v2\/pages\/3234\/revisions"}],"predecessor-version":[{"id":3235,"href":"https:\/\/www.rtcnow.com\/sk\/wp-json\/wp\/v2\/pages\/3234\/revisions\/3235"}],"wp:attachment":[{"href":"https:\/\/www.rtcnow.com\/sk\/wp-json\/wp\/v2\/media?parent=3234"}],"curies":[{"name":"wp","href":"https:\/\/api.w.org\/{rel}","templated":true}]}}