{"id":7191,"date":"2025-05-23T05:37:18","date_gmt":"2025-05-23T05:37:18","guid":{"rendered":"https:\/\/www.rtcnow.com\/?page_id=7191"},"modified":"2025-05-23T05:53:56","modified_gmt":"2025-05-23T05:53:56","slug":"web-development","status":"publish","type":"page","link":"https:\/\/www.rtcnow.com\/de\/services\/web-development\/","title":{"rendered":"Web Development"},"content":{"rendered":"<div class=\"fusion-fullwidth fullwidth-box fusion-builder-row-1 nonhundred-percent-fullwidth non-hundred-percent-height-scrolling\" style=\"--awb-border-radius-top-left:0px;--awb-border-radius-top-right:0px;--awb-border-radius-bottom-right:0px;--awb-border-radius-bottom-left:0px;--awb-flex-wrap:wrap;\" ><div class=\"fusion-builder-row fusion-row\"><div class=\"fusion-layout-column fusion_builder_column fusion-builder-column-0 fusion_builder_column_2_3 2_3 fusion-two-third fusion-column-first\" style=\"--awb-bg-size:cover;width:66.666666666667%;width:calc(66.666666666667% - ( ( 4% ) * 0.66666666666667 ) );margin-right: 4%;\"><div class=\"fusion-column-wrapper fusion-flex-column-wrapper-legacy\"><div class=\"fusion-text fusion-text-1\"><h2 data-start=\"195\" data-end=\"272\">Web Development \u2013 Ma\u00dfgeschneiderte SaaS-L\u00f6sungen f\u00fcr Ihre digitale Zukunft<\/h2>\n<p data-start=\"274\" data-end=\"709\">Mit \u00fcber <strong data-start=\"283\" data-end=\"344\">25 Jahren Erfahrung in der Entwicklung von Webanwendungen<\/strong> sind wir Ihr verl\u00e4sslicher Partner f\u00fcr professionelle Webl\u00f6sungen.<\/p>\n<p><img decoding=\"async\" class=\"size-medium wp-image-7016 alignleft\" src=\"https:\/\/www.rtcnow.com\/wp-content\/uploads\/2025\/03\/Young_Programator_Writing_Code_original_951525-300x200.jpg\" alt=\"\" width=\"300\" height=\"200\" srcset=\"https:\/\/www.rtcnow.com\/wp-content\/uploads\/2025\/03\/Young_Programator_Writing_Code_original_951525-200x133.jpg 200w, https:\/\/www.rtcnow.com\/wp-content\/uploads\/2025\/03\/Young_Programator_Writing_Code_original_951525-300x200.jpg 300w, https:\/\/www.rtcnow.com\/wp-content\/uploads\/2025\/03\/Young_Programator_Writing_Code_original_951525-400x267.jpg 400w, https:\/\/www.rtcnow.com\/wp-content\/uploads\/2025\/03\/Young_Programator_Writing_Code_original_951525-600x400.jpg 600w, https:\/\/www.rtcnow.com\/wp-content\/uploads\/2025\/03\/Young_Programator_Writing_Code_original_951525-768x512.jpg 768w, https:\/\/www.rtcnow.com\/wp-content\/uploads\/2025\/03\/Young_Programator_Writing_Code_original_951525-800x533.jpg 800w, https:\/\/www.rtcnow.com\/wp-content\/uploads\/2025\/03\/Young_Programator_Writing_Code_original_951525-1024x683.jpg 1024w, https:\/\/www.rtcnow.com\/wp-content\/uploads\/2025\/03\/Young_Programator_Writing_Code_original_951525-1200x800.jpg 1200w, https:\/\/www.rtcnow.com\/wp-content\/uploads\/2025\/03\/Young_Programator_Writing_Code_original_951525-1536x1024.jpg 1536w\" sizes=\"(max-width: 300px) 100vw, 300px\" \/><\/p>\n<p data-start=\"274\" data-end=\"709\">Unser Schwerpunkt liegt auf individuell entwickelten <strong data-start=\"465\" data-end=\"485\">SaaS-Plattformen<\/strong>, die flexibel skalierbar sind und exakt auf Ihre Anforderungen zugeschnitten werden. Wir begleiten Sie von der Konzeption \u00fcber die technische Umsetzung bis hin zum dauerhaften Betrieb \u2013 effizient, sicher und zukunftssicher.<\/p>\n<h3 data-start=\"711\" data-end=\"773\">Technologische Basis \u2013 modern, flexibel und leistungsstark<\/h3>\n<p data-start=\"775\" data-end=\"991\">F\u00fcr die Frontend-Entwicklung setzen wir auf <strong data-start=\"819\" data-end=\"827\">HTML<\/strong> und <strong data-start=\"832\" data-end=\"839\">CSS<\/strong>, um benutzerfreundliche und responsive Benutzeroberfl\u00e4chen zu gestalten. Im Backend kommen je nach Projektumfang verschiedene Technologien zum Einsatz:<\/p>\n<ul data-start=\"993\" data-end=\"1247\">\n<li data-start=\"993\" data-end=\"1091\">\n<p data-start=\"995\" data-end=\"1091\"><strong data-start=\"995\" data-end=\"1002\">PHP<\/strong> in Verbindung mit <strong data-start=\"1021\" data-end=\"1032\">Symfony<\/strong> oder <strong data-start=\"1038\" data-end=\"1049\">Laravel<\/strong> f\u00fcr strukturierte, wartbare Anwendungen<\/p>\n<\/li>\n<li data-start=\"993\" data-end=\"1091\">\n<p data-start=\"995\" data-end=\"1091\"><strong data-start=\"1094\" data-end=\"1105\">Node.js<\/strong>, wenn es um Echtzeitkommunikation oder Microservices geht<\/p>\n<\/li>\n<li data-start=\"1166\" data-end=\"1247\">\n<p data-start=\"1168\" data-end=\"1247\"><strong data-start=\"1168\" data-end=\"1178\">Python<\/strong> f\u00fcr datengetriebene Prozesse, Automatisierung und KI-gest\u00fctzte Logik<\/p>\n<\/li>\n<\/ul>\n<p data-start=\"1249\" data-end=\"1321\">F\u00fcr die Datenhaltung setzen wir auf robuste und skalierbare Systeme wie:<\/p>\n<ul data-start=\"1323\" data-end=\"1536\">\n<li data-start=\"1323\" data-end=\"1392\">\n<p data-start=\"1325\" data-end=\"1392\"><strong data-start=\"1325\" data-end=\"1334\">MySQL<\/strong> und <strong data-start=\"1339\" data-end=\"1350\">MariaDB<\/strong> f\u00fcr klassische relationale Datenmodelle<\/p>\n<\/li>\n<li data-start=\"1393\" data-end=\"1458\">\n<p data-start=\"1395\" data-end=\"1458\"><strong data-start=\"1395\" data-end=\"1409\">PostgreSQL<\/strong>, ideal f\u00fcr anspruchsvolle Business-Anwendungen<\/p>\n<\/li>\n<li data-start=\"1459\" data-end=\"1536\">\n<p data-start=\"1461\" data-end=\"1536\"><strong data-start=\"1461\" data-end=\"1472\">MongoDB<\/strong>, wenn Flexibilit\u00e4t und schemalose Datenspeicherung gefragt sind<\/p>\n<\/li>\n<\/ul>\n<h3 data-start=\"1538\" data-end=\"1602\">SaaS-Kompetenz \u2013 L\u00f6sungen, die mit Ihrem Unternehmen wachsen<\/h3>\n<p data-start=\"1604\" data-end=\"2048\">Unsere Webanwendungen sind modular aufgebaut, mandantenf\u00e4hig und speziell f\u00fcr den <strong data-start=\"1686\" data-end=\"1719\">Software-as-a-Service-Betrieb<\/strong> ausgelegt. Ob Kundenportale, interne Tools oder Plattforml\u00f6sungen: Wir entwickeln digitale Services, die performant laufen, einfach zu bedienen sind und sich problemlos erweitern lassen. Durch standardisierte Schnittstellen wie <strong data-start=\"1948\" data-end=\"1964\">RESTful APIs<\/strong> binden wir externe Systeme wie CRM, Zahlungsanbieter oder Analyse-Tools nahtlos an.<\/p>\n<h3 data-start=\"2050\" data-end=\"2126\">Hosting in unseren Rechenzentren \u2013 sicher, leistungsf\u00e4hig, DSGVO-konform<\/h3>\n<p data-start=\"2128\" data-end=\"2273\">Ein zentraler Bestandteil unseres Angebots ist das Hosting in unseren eigenen <strong data-start=\"2206\" data-end=\"2238\">zertifizierten Rechenzentren<\/strong>. Wir betreiben Serverstandorte in:<\/p>\n<ul data-start=\"2275\" data-end=\"2394\">\n<li data-start=\"2275\" data-end=\"2317\">\n<p data-start=\"2277\" data-end=\"2317\"><strong data-start=\"2277\" data-end=\"2288\">Europa:<\/strong> Wien, Frankfurt, Amsterdam<\/p>\n<\/li>\n<li data-start=\"2318\" data-end=\"2365\">\n<p data-start=\"2320\" data-end=\"2365\"><strong data-start=\"2320\" data-end=\"2330\">Asien:<\/strong> Colombo (Sri Lanka), Dubai (VAE)<\/p>\n<\/li>\n<li data-start=\"2366\" data-end=\"2394\">\n<p data-start=\"2368\" data-end=\"2394\"><strong data-start=\"2368\" data-end=\"2376\">USA:<\/strong> New York, Atlanta<\/p>\n<\/li>\n<\/ul>\n<p data-start=\"2396\" data-end=\"2683\">Wenn rechtliche Vorgaben wie die <strong data-start=\"2429\" data-end=\"2438\">DSGVO<\/strong> es erfordern oder Kunden besonderen Wert auf Datenlokalit\u00e4t legen, werden ausschlie\u00dflich Serverstandorte innerhalb Europas genutzt. So gew\u00e4hrleisten wir h\u00f6chste Datenschutzstandards, rechtliche Sicherheit und maximale Kontrolle \u00fcber Ihre Daten.<\/p>\n<p data-start=\"2685\" data-end=\"2713\">Unsere Infrastruktur bietet:<\/p>\n<ul data-start=\"2715\" data-end=\"2909\">\n<li data-start=\"2715\" data-end=\"2789\">\n<p data-start=\"2717\" data-end=\"2789\"><strong data-start=\"2717\" data-end=\"2738\">Hochverf\u00fcgbarkeit<\/strong>, automatische Backups und skalierbare Ressourcen<\/p>\n<\/li>\n<li data-start=\"2790\" data-end=\"2850\">\n<p data-start=\"2792\" data-end=\"2850\"><strong data-start=\"2792\" data-end=\"2824\">Monitoring &amp; Security Audits<\/strong> durch unser DevOps-Team<\/p>\n<\/li>\n<li data-start=\"2851\" data-end=\"2909\">\n<p data-start=\"2853\" data-end=\"2909\">Einhaltung aller relevanten <strong data-start=\"2881\" data-end=\"2909\">Compliance-Anforderungen<\/strong><\/p>\n<\/li>\n<\/ul>\n<h3 data-start=\"2911\" data-end=\"2957\">Langfristige Betreuung &amp; Weiterentwicklung<\/h3>\n<p data-start=\"2959\" data-end=\"3257\">Wir verstehen Webentwicklung als ganzheitlichen Prozess. Nach dem erfolgreichen Launch stehen wir Ihnen weiterhin mit regelm\u00e4\u00dfigen Updates, Sicherheitsma\u00dfnahmen, Funktionsausbau und technischer Beratung zur Seite. So bleibt Ihre L\u00f6sung dauerhaft wettbewerbsf\u00e4hig \u2013 technologisch und wirtschaftlich.<\/p>\n<\/div><div class=\"fusion-clearfix\"><\/div><\/div><\/div><div class=\"fusion-layout-column fusion_builder_column fusion-builder-column-1 fusion_builder_column_1_3 1_3 fusion-one-third fusion-column-last\" style=\"--awb-bg-size:cover;width:33.333333333333%;width:calc(33.333333333333% - ( ( 4% ) * 0.33333333333333 ) );\"><div class=\"fusion-column-wrapper fusion-flex-column-wrapper-legacy\"><div class=\"fusion-widget-area awb-widget-area-element fusion-widget-area-1 fusion-content-widget-area\" style=\"--awb-title-size:18px;--awb-title-color:#333333;--awb-padding:0px 0px 0px 0px;\"><div id=\"nav_menu-3\" class=\"widget widget_nav_menu\"><div class=\"menu-submenu_services-container\"><ul id=\"menu-submenu_services\" class=\"menu\"><li id=\"menu-item-499\" class=\"menu-item menu-item-type-post_type menu-item-object-page menu-item-499\"><a href=\"https:\/\/www.rtcnow.com\/de\/services\/\">\u00dcbersicht Services<\/a><\/li>\n<li id=\"menu-item-407\" class=\"menu-item menu-item-type-post_type menu-item-object-page menu-item-407\"><a href=\"https:\/\/www.rtcnow.com\/de\/services\/livestreaming\/\">Livestreaming<\/a><\/li>\n<li id=\"menu-item-403\" class=\"menu-item menu-item-type-post_type menu-item-object-page menu-item-403\"><a href=\"https:\/\/www.rtcnow.com\/de\/services\/video-on-demand\/\">Video on Demand<\/a><\/li>\n<li id=\"menu-item-468\" class=\"menu-item menu-item-type-post_type menu-item-object-page menu-item-468\"><a href=\"https:\/\/www.rtcnow.com\/de\/services\/streamticketing\/\">Streamticketing<\/a><\/li>\n<li id=\"menu-item-472\" class=\"menu-item menu-item-type-post_type menu-item-object-page menu-item-472\"><a href=\"https:\/\/www.rtcnow.com\/de\/services\/livestreamrecording\/\">Livestreamrecording<\/a><\/li>\n<li id=\"menu-item-519\" class=\"menu-item menu-item-type-post_type menu-item-object-page menu-item-519\"><a href=\"https:\/\/www.rtcnow.com\/de\/services\/realtime-slides\/\">Realtime Slides<\/a><\/li>\n<li id=\"menu-item-496\" class=\"menu-item menu-item-type-post_type menu-item-object-page menu-item-496\"><a href=\"https:\/\/www.rtcnow.com\/de\/services\/consulting\/\">Consulting<\/a><\/li>\n<li id=\"menu-item-7215\" class=\"menu-item menu-item-type-post_type menu-item-object-page menu-item-7215\"><a href=\"https:\/\/www.rtcnow.com\/de\/services\/web-development\/\">Web Development<\/a><\/li>\n<li id=\"menu-item-1031\" class=\"menu-item menu-item-type-post_type menu-item-object-page menu-item-1031\"><a href=\"https:\/\/www.rtcnow.com\/de\/services\/internet-services\/\">Internet Services<\/a><\/li>\n<\/ul><\/div><\/div><div class=\"fusion-additional-widget-content\"><\/div><\/div><div class=\"fusion-clearfix\"><\/div><\/div><\/div><\/div><\/div>\n","protected":false},"excerpt":{"rendered":"","protected":false},"author":3,"featured_media":0,"parent":368,"menu_order":0,"comment_status":"closed","ping_status":"closed","template":"","meta":{"footnotes":""},"class_list":["post-7191","page","type-page","status-publish","hentry"],"yoast_head":"<!-- This site is optimized with the Yoast SEO plugin v26.7 - https:\/\/yoast.com\/wordpress\/plugins\/seo\/ -->\n<title>Web Development - RTCnow Streaming Services<\/title>\n<meta name=\"description\" content=\"Professionelle Webentwicklung mit PHP, Node.js, Python und modernen Frameworks wie Symfony &amp; Laravel. Wir realisieren skalierbare SaaS-L\u00f6sungen und hosten Ihre Anwendung in unseren Rechenzentren in Europa, den USA und Asien.\" \/>\n<meta name=\"robots\" content=\"index, follow, max-snippet:-1, max-image-preview:large, max-video-preview:-1\" \/>\n<link rel=\"canonical\" href=\"https:\/\/www.rtcnow.com\/de\/services\/web-development\/\" \/>\n<meta property=\"og:locale\" content=\"de_DE\" \/>\n<meta property=\"og:type\" content=\"article\" \/>\n<meta property=\"og:title\" content=\"Web Development - RTCnow Streaming Services\" \/>\n<meta property=\"og:description\" content=\"Professionelle Webentwicklung mit PHP, Node.js, Python und modernen Frameworks wie Symfony &amp; Laravel. Wir realisieren skalierbare SaaS-L\u00f6sungen und hosten Ihre Anwendung in unseren Rechenzentren in Europa, den USA und Asien.\" \/>\n<meta property=\"og:url\" content=\"https:\/\/www.rtcnow.com\/de\/services\/web-development\/\" \/>\n<meta property=\"og:site_name\" content=\"RTCnow Streaming Services\" \/>\n<meta property=\"article:modified_time\" content=\"2025-05-23T05:53:56+00:00\" \/>\n<meta property=\"og:image\" content=\"https:\/\/www.rtcnow.com\/wp-content\/uploads\/2025\/03\/Young_Programator_Writing_Code_original_951525-scaled.jpg\" \/>\n\t<meta property=\"og:image:width\" content=\"2560\" \/>\n\t<meta property=\"og:image:height\" content=\"1707\" \/>\n\t<meta property=\"og:image:type\" content=\"image\/jpeg\" \/>\n<meta name=\"twitter:card\" content=\"summary_large_image\" \/>\n<meta name=\"twitter:label1\" content=\"Gesch\u00e4tzte Lesezeit\" \/>\n\t<meta name=\"twitter:data1\" content=\"2\u00a0Minuten\" \/>\n<script type=\"application\/ld+json\" class=\"yoast-schema-graph\">{\"@context\":\"https:\/\/schema.org\",\"@graph\":[{\"@type\":\"WebPage\",\"@id\":\"https:\/\/www.rtcnow.com\/de\/services\/web-development\/\",\"url\":\"https:\/\/www.rtcnow.com\/de\/services\/web-development\/\",\"name\":\"Web Development - RTCnow Streaming Services\",\"isPartOf\":{\"@id\":\"https:\/\/www.rtcnow.com\/de\/#website\"},\"primaryImageOfPage\":{\"@id\":\"https:\/\/www.rtcnow.com\/de\/services\/web-development\/#primaryimage\"},\"image\":{\"@id\":\"https:\/\/www.rtcnow.com\/de\/services\/web-development\/#primaryimage\"},\"thumbnailUrl\":\"https:\/\/www.rtcnow.com\/wp-content\/uploads\/2025\/03\/Young_Programator_Writing_Code_original_951525-300x200.jpg\",\"datePublished\":\"2025-05-23T05:37:18+00:00\",\"dateModified\":\"2025-05-23T05:53:56+00:00\",\"description\":\"Professionelle Webentwicklung mit PHP, Node.js, Python und modernen Frameworks wie Symfony & Laravel. Wir realisieren skalierbare SaaS-L\u00f6sungen und hosten Ihre Anwendung in unseren Rechenzentren in Europa, den USA und Asien.\",\"breadcrumb\":{\"@id\":\"https:\/\/www.rtcnow.com\/de\/services\/web-development\/#breadcrumb\"},\"inLanguage\":\"de\",\"potentialAction\":[{\"@type\":\"ReadAction\",\"target\":[\"https:\/\/www.rtcnow.com\/de\/services\/web-development\/\"]}]},{\"@type\":\"ImageObject\",\"inLanguage\":\"de\",\"@id\":\"https:\/\/www.rtcnow.com\/de\/services\/web-development\/#primaryimage\",\"url\":\"https:\/\/www.rtcnow.com\/wp-content\/uploads\/2025\/03\/Young_Programator_Writing_Code_original_951525-300x200.jpg\",\"contentUrl\":\"https:\/\/www.rtcnow.com\/wp-content\/uploads\/2025\/03\/Young_Programator_Writing_Code_original_951525-300x200.jpg\"},{\"@type\":\"BreadcrumbList\",\"@id\":\"https:\/\/www.rtcnow.com\/de\/services\/web-development\/#breadcrumb\",\"itemListElement\":[{\"@type\":\"ListItem\",\"position\":1,\"name\":\"Home\",\"item\":\"https:\/\/www.rtcnow.com\/de\/\"},{\"@type\":\"ListItem\",\"position\":2,\"name\":\"Services\",\"item\":\"https:\/\/www.rtcnow.com\/de\/services\/\"},{\"@type\":\"ListItem\",\"position\":3,\"name\":\"Web Development\"}]},{\"@type\":\"WebSite\",\"@id\":\"https:\/\/www.rtcnow.com\/de\/#website\",\"url\":\"https:\/\/www.rtcnow.com\/de\/\",\"name\":\"RTCnow Streaming Services\",\"description\":\"Corporate Website of RTCnow\",\"potentialAction\":[{\"@type\":\"SearchAction\",\"target\":{\"@type\":\"EntryPoint\",\"urlTemplate\":\"https:\/\/www.rtcnow.com\/de\/?s={search_term_string}\"},\"query-input\":{\"@type\":\"PropertyValueSpecification\",\"valueRequired\":true,\"valueName\":\"search_term_string\"}}],\"inLanguage\":\"de\"}]}<\/script>\n<!-- \/ Yoast SEO plugin. -->","yoast_head_json":{"title":"Web Development - RTCnow Streaming Services","description":"Professionelle Webentwicklung mit PHP, Node.js, Python und modernen Frameworks wie Symfony & Laravel. Wir realisieren skalierbare SaaS-L\u00f6sungen und hosten Ihre Anwendung in unseren Rechenzentren in Europa, den USA und Asien.","robots":{"index":"index","follow":"follow","max-snippet":"max-snippet:-1","max-image-preview":"max-image-preview:large","max-video-preview":"max-video-preview:-1"},"canonical":"https:\/\/www.rtcnow.com\/de\/services\/web-development\/","og_locale":"de_DE","og_type":"article","og_title":"Web Development - RTCnow Streaming Services","og_description":"Professionelle Webentwicklung mit PHP, Node.js, Python und modernen Frameworks wie Symfony & Laravel. Wir realisieren skalierbare SaaS-L\u00f6sungen und hosten Ihre Anwendung in unseren Rechenzentren in Europa, den USA und Asien.","og_url":"https:\/\/www.rtcnow.com\/de\/services\/web-development\/","og_site_name":"RTCnow Streaming Services","article_modified_time":"2025-05-23T05:53:56+00:00","og_image":[{"width":2560,"height":1707,"url":"https:\/\/www.rtcnow.com\/wp-content\/uploads\/2025\/03\/Young_Programator_Writing_Code_original_951525-scaled.jpg","type":"image\/jpeg"}],"twitter_card":"summary_large_image","twitter_misc":{"Gesch\u00e4tzte Lesezeit":"2\u00a0Minuten"},"schema":{"@context":"https:\/\/schema.org","@graph":[{"@type":"WebPage","@id":"https:\/\/www.rtcnow.com\/de\/services\/web-development\/","url":"https:\/\/www.rtcnow.com\/de\/services\/web-development\/","name":"Web Development - RTCnow Streaming Services","isPartOf":{"@id":"https:\/\/www.rtcnow.com\/de\/#website"},"primaryImageOfPage":{"@id":"https:\/\/www.rtcnow.com\/de\/services\/web-development\/#primaryimage"},"image":{"@id":"https:\/\/www.rtcnow.com\/de\/services\/web-development\/#primaryimage"},"thumbnailUrl":"https:\/\/www.rtcnow.com\/wp-content\/uploads\/2025\/03\/Young_Programator_Writing_Code_original_951525-300x200.jpg","datePublished":"2025-05-23T05:37:18+00:00","dateModified":"2025-05-23T05:53:56+00:00","description":"Professionelle Webentwicklung mit PHP, Node.js, Python und modernen Frameworks wie Symfony & Laravel. Wir realisieren skalierbare SaaS-L\u00f6sungen und hosten Ihre Anwendung in unseren Rechenzentren in Europa, den USA und Asien.","breadcrumb":{"@id":"https:\/\/www.rtcnow.com\/de\/services\/web-development\/#breadcrumb"},"inLanguage":"de","potentialAction":[{"@type":"ReadAction","target":["https:\/\/www.rtcnow.com\/de\/services\/web-development\/"]}]},{"@type":"ImageObject","inLanguage":"de","@id":"https:\/\/www.rtcnow.com\/de\/services\/web-development\/#primaryimage","url":"https:\/\/www.rtcnow.com\/wp-content\/uploads\/2025\/03\/Young_Programator_Writing_Code_original_951525-300x200.jpg","contentUrl":"https:\/\/www.rtcnow.com\/wp-content\/uploads\/2025\/03\/Young_Programator_Writing_Code_original_951525-300x200.jpg"},{"@type":"BreadcrumbList","@id":"https:\/\/www.rtcnow.com\/de\/services\/web-development\/#breadcrumb","itemListElement":[{"@type":"ListItem","position":1,"name":"Home","item":"https:\/\/www.rtcnow.com\/de\/"},{"@type":"ListItem","position":2,"name":"Services","item":"https:\/\/www.rtcnow.com\/de\/services\/"},{"@type":"ListItem","position":3,"name":"Web Development"}]},{"@type":"WebSite","@id":"https:\/\/www.rtcnow.com\/de\/#website","url":"https:\/\/www.rtcnow.com\/de\/","name":"RTCnow Streaming Services","description":"Corporate Website of RTCnow","potentialAction":[{"@type":"SearchAction","target":{"@type":"EntryPoint","urlTemplate":"https:\/\/www.rtcnow.com\/de\/?s={search_term_string}"},"query-input":{"@type":"PropertyValueSpecification","valueRequired":true,"valueName":"search_term_string"}}],"inLanguage":"de"}]}},"_links":{"self":[{"href":"https:\/\/www.rtcnow.com\/de\/wp-json\/wp\/v2\/pages\/7191","targetHints":{"allow":["GET"]}}],"collection":[{"href":"https:\/\/www.rtcnow.com\/de\/wp-json\/wp\/v2\/pages"}],"about":[{"href":"https:\/\/www.rtcnow.com\/de\/wp-json\/wp\/v2\/types\/page"}],"author":[{"embeddable":true,"href":"https:\/\/www.rtcnow.com\/de\/wp-json\/wp\/v2\/users\/3"}],"replies":[{"embeddable":true,"href":"https:\/\/www.rtcnow.com\/de\/wp-json\/wp\/v2\/comments?post=7191"}],"version-history":[{"count":5,"href":"https:\/\/www.rtcnow.com\/de\/wp-json\/wp\/v2\/pages\/7191\/revisions"}],"predecessor-version":[{"id":7197,"href":"https:\/\/www.rtcnow.com\/de\/wp-json\/wp\/v2\/pages\/7191\/revisions\/7197"}],"up":[{"embeddable":true,"href":"https:\/\/www.rtcnow.com\/de\/wp-json\/wp\/v2\/pages\/368"}],"wp:attachment":[{"href":"https:\/\/www.rtcnow.com\/de\/wp-json\/wp\/v2\/media?parent=7191"}],"curies":[{"name":"wp","href":"https:\/\/api.w.org\/{rel}","templated":true}]}}