{"id":6974,"date":"2024-11-11T20:00:53","date_gmt":"2024-11-11T20:00:53","guid":{"rendered":"https:\/\/www.rtcnow.com\/?page_id=6974"},"modified":"2026-03-14T20:01:30","modified_gmt":"2026-03-14T20:01:30","slug":"jobs","status":"publish","type":"page","link":"https:\/\/www.rtcnow.com\/de\/jobs\/","title":{"rendered":"Jobs"},"content":{"rendered":"<div class=\"fusion-fullwidth fullwidth-box fusion-builder-row-1 fusion-flex-container has-pattern-background has-mask-background nonhundred-percent-fullwidth non-hundred-percent-height-scrolling\" style=\"--awb-border-radius-top-left:0px;--awb-border-radius-top-right:0px;--awb-border-radius-bottom-right:0px;--awb-border-radius-bottom-left:0px;--awb-flex-wrap:wrap;\" ><div class=\"fusion-builder-row fusion-row fusion-flex-align-items-flex-start fusion-flex-content-wrap\" style=\"max-width:1300px;margin-left: calc(-4% \/ 2 );margin-right: calc(-4% \/ 2 );\"><div class=\"fusion-layout-column fusion_builder_column fusion-builder-column-0 fusion_builder_column_1_1 1_1 fusion-flex-column\" style=\"--awb-bg-size:cover;--awb-width-large:100%;--awb-margin-top-large:0px;--awb-spacing-right-large:1.92%;--awb-margin-bottom-large:20px;--awb-spacing-left-large:1.92%;--awb-width-medium:100%;--awb-order-medium:0;--awb-spacing-right-medium:1.92%;--awb-spacing-left-medium:1.92%;--awb-width-small:100%;--awb-order-small:0;--awb-spacing-right-small:1.92%;--awb-spacing-left-small:1.92%;\"><div class=\"fusion-column-wrapper fusion-column-has-shadow fusion-flex-justify-content-flex-start fusion-content-layout-column\"><div class=\"fusion-text fusion-text-1\"><h3 class=\"fusion-responsive-typography-calculated\" data-fontsize=\"32\" data-lineheight=\"41.6px\">Mitarbeiter*Innen f\u00fcr Programmierung &amp; Infrastrukturwartung gesucht<\/h3>\n<p>Wir sind ein dynamischer, flexibler und engagierter Internet Service Solution Provider mit Sitz in Wien und wollen unser Team vergr\u00f6\u00dfern.<\/p>\n<p>Wir suchen aktuell<\/p>\n<ul>\n<li><strong>IT-Allrounder*Innen (Anf\u00e4nglich 20 Wochenstunden Teilzeit)<\/strong><\/li>\n<li><strong>Developer*Innen mit Erfahrung in PHP, JS, MySQL und PostgreSQL (Teilzeit)<\/strong><\/li>\n<\/ul>\n<p>Bevorzugt wird ein Angestelltendienstverh\u00e4ltnis zwischen 8 und 30 Wochenstunden (abh\u00e4ngig von der zu besetzenden Stelle) aber wir freuen uns auch \u00fcber selbstst\u00e4ndige, welche mit uns arbeiten m\u00f6chten. Ausbildung, Zeugnisse und eine gewisse Berufserfahrung sind wichtig, jedoch motiviertes Auftreten und engagiertes Handel haben bei uns Priorit\u00e4t. Deutschkenntnisse mit Level\u00a0 B2\/C1 erforderlich.<\/p>\n<p>Du bist verl\u00e4sslich, engagiert und flexibel und m\u00f6chtest in einem jungen, freundlichen und motivierten Team arbeiten, dann schick uns Deine Bewerbung.<\/p>\n<\/div><div class=\"fusion-form fusion-form-builder fusion-form-form-wrapper fusion-form-6972\" style=\"--awb-tooltip-text-color:#ffffff;--awb-tooltip-background-color:#333333;\" data-form-id=\"6972\" data-config=\"{&quot;form_id&quot;:6972,&quot;form_post_id&quot;:6972,&quot;post_id&quot;:6974,&quot;form_type&quot;:&quot;ajax&quot;,&quot;confirmation_type&quot;:&quot;message&quot;,&quot;redirect_url&quot;:&quot;&quot;,&quot;field_labels&quot;:{&quot;job_vorname&quot;:&quot;Vorname&quot;,&quot;job_nachname&quot;:&quot;Nachname&quot;,&quot;job_email&quot;:&quot;E-Mail Adresse&quot;,&quot;job_telefon&quot;:&quot;Telefon&quot;,&quot;job_tatigkeitsbereich&quot;:&quot;T\\u00e4tigkeitsbereich&quot;,&quot;job_legaltype&quot;:&quot;Arbeitsverh\\u00e4ltnis&quot;,&quot;job_geburtsdatum&quot;:&quot;Geburtsdatum&quot;,&quot;job_informationen&quot;:&quot;Kurze Info \\u00fcber Ausbildung, Berufserfahrung, etc.&quot;,&quot;job_zeugnisse&quot;:&quot;Zeugnisse&quot;,&quot;job_zusatz_informationen&quot;:&quot;Weitere Informationen&quot;},&quot;field_logics&quot;:{&quot;job_vorname&quot;:&quot;&quot;,&quot;job_nachname&quot;:&quot;&quot;,&quot;job_email&quot;:&quot;&quot;,&quot;job_telefon&quot;:&quot;&quot;,&quot;job_tatigkeitsbereich&quot;:&quot;&quot;,&quot;job_legaltype&quot;:&quot;&quot;,&quot;job_geburtsdatum&quot;:&quot;&quot;,&quot;job_informationen&quot;:&quot;&quot;,&quot;job_zeugnisse&quot;:&quot;&quot;,&quot;job_zusatz_informationen&quot;:&quot;&quot;,&quot;submit_1&quot;:&quot;&quot;,&quot;notice_1&quot;:&quot;&quot;},&quot;field_types&quot;:{&quot;job_vorname&quot;:&quot;text&quot;,&quot;job_nachname&quot;:&quot;text&quot;,&quot;job_email&quot;:&quot;email&quot;,&quot;job_telefon&quot;:&quot;phone_number&quot;,&quot;job_tatigkeitsbereich&quot;:&quot;select&quot;,&quot;job_legaltype&quot;:&quot;checkbox&quot;,&quot;job_geburtsdatum&quot;:&quot;date&quot;,&quot;job_informationen&quot;:&quot;textarea&quot;,&quot;job_zeugnisse&quot;:&quot;upload&quot;,&quot;job_zusatz_informationen&quot;:&quot;textarea&quot;,&quot;submit_1&quot;:&quot;submit&quot;,&quot;notice_1&quot;:&quot;notice&quot;},&quot;nonce_method&quot;:&quot;ajax&quot;}\"><form action=\"https:\/\/www.rtcnow.com\/de\/jobs\/\" method=\"post\" class=\"fusion-form fusion-form-6972\" enctype=\"multipart\/form-data\"><div class=\"fusion-fullwidth fullwidth-box fusion-builder-row-1-1 fusion-flex-container has-pattern-background has-mask-background nonhundred-percent-fullwidth non-hundred-percent-height-scrolling\" style=\"--awb-border-radius-top-left:0px;--awb-border-radius-top-right:0px;--awb-border-radius-bottom-right:0px;--awb-border-radius-bottom-left:0px;--awb-flex-wrap:wrap;\" ><div class=\"fusion-builder-row fusion-row fusion-flex-align-items-flex-start fusion-flex-content-wrap\" style=\"width:104% !important;max-width:104% !important;margin-left: calc(-4% \/ 2 );margin-right: calc(-4% \/ 2 );\"><div class=\"fusion-layout-column fusion_builder_column fusion-builder-column-1 fusion_builder_column_1_1 1_1 fusion-flex-column\" style=\"--awb-bg-size:cover;--awb-width-large:100%;--awb-flex-grow:0;--awb-flex-shrink:0;--awb-margin-top-large:0px;--awb-spacing-right-large:1.92%;--awb-margin-bottom-large:20px;--awb-spacing-left-large:1.92%;--awb-width-medium:100%;--awb-order-medium:0;--awb-flex-grow-medium:0;--awb-flex-shrink-medium:0;--awb-spacing-right-medium:1.92%;--awb-spacing-left-medium:1.92%;--awb-width-small:100%;--awb-order-small:0;--awb-flex-grow-small:0;--awb-flex-shrink-small:0;--awb-spacing-right-small:1.92%;--awb-spacing-left-small:1.92%;\"><div class=\"fusion-column-wrapper fusion-column-has-shadow fusion-flex-justify-content-flex-start fusion-content-layout-column\"><div class=\"fusion-form-field fusion-form-text-field fusion-form-label-above\" style=\"\" data-form-id=\"6972\"><div class=\"fusion-form-label-wrapper\"><label for=\"job_vorname\">Vorname <abbr class=\"fusion-form-element-required\" title=\"required\">*<\/abbr><\/label><\/div><input type=\"text\" autocomplete=\"off\" name=\"job_vorname\" id=\"job_vorname\" value=\"\"  class=\"fusion-form-input\" required=\"true\" aria-required=\"true\" data-holds-private-data=\"false\" minlength=\"0\"\/><\/div><div class=\"fusion-form-field fusion-form-text-field fusion-form-label-above\" style=\"\" data-form-id=\"6972\"><div class=\"fusion-form-label-wrapper\"><label for=\"job_nachname\">Nachname <abbr class=\"fusion-form-element-required\" title=\"required\">*<\/abbr><\/label><\/div><input type=\"text\" autocomplete=\"off\" name=\"job_nachname\" id=\"job_nachname\" value=\"\"  class=\"fusion-form-input\" required=\"true\" aria-required=\"true\" data-holds-private-data=\"false\" minlength=\"0\"\/><\/div><div class=\"fusion-form-field fusion-form-email-field fusion-form-label-above\" style=\"\" data-form-id=\"6972\"><div class=\"fusion-form-label-wrapper\"><label for=\"job_email\">E-Mail Adresse <abbr class=\"fusion-form-element-required\" title=\"required\">*<\/abbr><\/label><\/div><input type=\"email\" autocomplete=\"off\" name=\"job_email\" id=\"job_email\" value=\"\"  class=\"fusion-form-input\" required=\"true\" aria-required=\"true\" data-holds-private-data=\"false\"\/><\/div><div class=\"fusion-form-field fusion-form-phone-number-field fusion-form-label-above\" style=\"\" data-form-id=\"6972\"><div class=\"fusion-form-label-wrapper\"><label for=\"job_telefon\">Telefon <abbr class=\"fusion-form-element-required\" title=\"required\">*<\/abbr><\/label><\/div><div class=\"fusion-form-input-with-icon\"><i class=\"awb-form-icon fa-phone-square-alt fas\"><\/i><input type=\"tel\" autocomplete=\"off\" name=\"job_telefon\" id=\"job_telefon\" value=\"\"  class=\"fusion-form-input\" required=\"true\" aria-required=\"true\" data-holds-private-data=\"false\"\/><\/div><\/div><div class=\"fusion-form-field fusion-form-select-field fusion-form-label-above\" style=\"\" data-form-id=\"6972\"><label for=\"job_tatigkeitsbereich\">T\u00e4tigkeitsbereich <abbr class=\"fusion-form-element-required\" title=\"required\">*<\/abbr><\/label><div class=\"fusion-select-wrapper\"><select autocomplete=\"off\" tabindex=\"\" id=\"job_tatigkeitsbereich\" name=\"job_tatigkeitsbereich\" class=\"fusion-form-input\" required=\"true\" aria-required=\"true\" data-holds-private-data=\"false\"><option value=\"\" disabled selected>Bitte den T\u00e4tigkeitsbereich ausw\u00e4hlen<\/option><option value=\"IT-Allrounder*In (m\/w\/d)\" >IT-Allrounder*In (m\/w\/d)<\/option><option value=\"Developer*In (PHP, JS, MySQL, PostgreSQL) (m\/w\/d)\" >Developer*In (PHP, JS, MySQL, PostgreSQL) (m\/w\/d)<\/option><option value=\"Netzwerktechniker*In (m\/w\/d)\" >Netzwerktechniker*In (m\/w\/d)<\/option><option value=\"IT-Projektleiter*In (m\/w\/d)\" >IT-Projektleiter*In (m\/w\/d)<\/option><\/select><div class=\"select-arrow\"><svg width=\"12\" height=\"8\" viewBox=\"0 0 12 8\" fill=\"none\" xmlns=\"http:\/\/www.w3.org\/2000\/svg\"> <path d=\"M1.5 1.75L6 6.25L10.5 1.75\" stroke=\"#6D6D6D\" stroke-width=\"2\" stroke-linecap=\"round\" stroke-linejoin=\"round\"\/> <\/svg><\/div><\/div><\/div><div class=\"fusion-form-field fusion-form-checkbox-field fusion-form-label-above\" style=\"\" data-form-id=\"6972\"><fieldset><legend class=\"fusion-form-label-wrapper\"><span class=\"label\">Arbeitsverh\u00e4ltnis<\/span><\/legend><div class=\"fusion-form-checkbox\"><input tabindex=\"\" id=\"checkbox-job_legaltype-1-0\" type=\"checkbox\" value=\"Angestelltenverh\u00e4ltnis\" name=\"job_legaltype[]\" class=\"fusion-form-input\" data-holds-private-data=\"false\"\/><label for=\"checkbox-job_legaltype-1-0\">Angestelltenverh\u00e4ltnis<\/label><\/div><div class=\"fusion-form-checkbox\"><input tabindex=\"\" id=\"checkbox-job_legaltype-1-1\" type=\"checkbox\" value=\"Freiberuflich\" name=\"job_legaltype[]\" class=\"fusion-form-input\" data-holds-private-data=\"false\"\/><label for=\"checkbox-job_legaltype-1-1\">Freiberuflich<\/label><\/div><div class=\"fusion-form-checkbox\"><input tabindex=\"\" id=\"checkbox-job_legaltype-1-2\" type=\"checkbox\" value=\"Selbst\u00e4ndig \/ Subauftragnehmer\" name=\"job_legaltype[]\" class=\"fusion-form-input\" data-holds-private-data=\"false\"\/><label for=\"checkbox-job_legaltype-1-2\">Selbst\u00e4ndig \/ Subauftragnehmer<\/label><\/div><\/fieldset><\/div><div class=\"fusion-form-field fusion-form-date-field fusion-form-label-above\" style=\"\" data-form-id=\"6972\"><label for=\"job_geburtsdatum\">Geburtsdatum <abbr class=\"fusion-form-element-required\" title=\"required\">*<\/abbr><\/label><input autocomplete=\"off\" type=\"date\" min=\"1960-01-01\"  max=\"2006-12-31\"  data-first-day=\"1\"  data-format=\"\" tabindex=\"\" id=\"job_geburtsdatum\" name=\"job_geburtsdatum\" data-type=\"custom\" value=\"\" data-holds-private-data=\"false\" class=\"fusion-form-input\" required=\"true\" aria-required=\"true\"autocomplete=\"no\"\/><\/div><div class=\"fusion-form-field fusion-form-textarea-field fusion-form-label-above\" style=\"\" data-form-id=\"6972\"><label for=\"job_informationen\">Kurze Info \u00fcber Ausbildung, Berufserfahrung, etc.<\/label><textarea cols=\"40\" autocomplete=\"off\"  minlength=\"0\"  rows=\"2\" tabindex=\"\" id=\"job_informationen\" name=\"job_informationen\" class=\"fusion-form-input\" data-holds-private-data=\"false\"><\/textarea><\/div><div class=\"fusion-form-field fusion-form-upload-field fusion-form-label-above\" style=\"\" data-form-id=\"6972\"><label for=\"job_zeugnisse\">Zeugnisse<\/label><div class=\"fusion-form-input-with-icon\"><i class=\" fa-upload fas\"><\/i><div class=\"fusion-form-upload-field-container\"><input type=\"file\" id=\"job_zeugnisse\" name=\"job_zeugnisse\" value=\"\"  class=\"fusion-form-input\" placeholder=\"Click or drag a file to this area to upload. \" data-size=\"2\"\/><input type=\"text\" disabled value=\"\" class=\"fusion-form-upload-field\"  placeholder=\"Click or drag a file to this area to upload. \" data-holds-private-data=\"false\"\/><div ><a class=\"fusion-button button-flat button-medium button-default fusion-button-default button-1 fusion-button-default-span fusion-button-default-type fusion-form-upload-field-button\" style=\"--button-border-radius-top-left:0px;--button-border-radius-top-right:0px;--button-border-radius-bottom-right:0px;--button-border-radius-bottom-left:0px;\" target=\"_self\" href=\"javascript:void();\"><span class=\"fusion-button-text awb-button__text awb-button__text--default\">Choose File<\/span><\/a><\/div><\/div><\/div><\/div><div class=\"fusion-form-field fusion-form-textarea-field fusion-form-label-above\" style=\"\" data-form-id=\"6972\"><label for=\"job_zusatz_informationen\">Weitere Informationen<\/label><textarea cols=\"40\" autocomplete=\"off\"  minlength=\"0\"  rows=\"2\" tabindex=\"\" id=\"job_zusatz_informationen\" name=\"job_zusatz_informationen\" class=\"fusion-form-input\" data-holds-private-data=\"false\"><\/textarea><\/div><div class=\"fusion-form-field fusion-form-submit-field fusion-form-label-above\" style=\"\" data-form-id=\"6972\"><div ><button type=\"submit\" class=\"fusion-button button-flat fusion-button-default-size button-default fusion-button-default button-2 fusion-button-default-span  form-form-submit button-default\" data-form-number=\"6972\" tabindex=\"\"><span class=\"fusion-button-text awb-button__text awb-button__text--default\">Absenden<\/span><\/button><\/div><\/div><div class=\"form-submission-notices data-notice_1\" id=\"fusion-notices-1\"><div class=\"fusion-alert alert success alert-success fusion-alert-center fusion-form-response fusion-form-response-success fusion-alert-capitalize awb-alert-native-link-color alert-dismissable awb-alert-close-boxed\" role=\"alert\"><div class=\"fusion-alert-content-wrapper\"><span class=\"alert-icon\"><i class=\"awb-icon-check-circle\" aria-hidden=\"true\"><\/i><\/span><span class=\"fusion-alert-content\">Danke f\u00fcr die Bewerbung, wir melden uns in den kommenden Tagen<\/span><\/div><button type=\"button\" class=\"close toggle-alert\" data-dismiss=\"alert\" aria-label=\"Close\">&times;<\/button><\/div><div class=\"fusion-alert alert error alert-danger fusion-alert-center fusion-form-response fusion-form-response-error fusion-alert-capitalize awb-alert-native-link-color alert-dismissable awb-alert-close-boxed\" role=\"alert\"><div class=\"fusion-alert-content-wrapper\"><span class=\"alert-icon\"><i class=\"awb-icon-exclamation-triangle\" aria-hidden=\"true\"><\/i><\/span><span class=\"fusion-alert-content\">There was an error trying to send your message. Please try again later.<\/span><\/div><button type=\"button\" class=\"close toggle-alert\" data-dismiss=\"alert\" aria-label=\"Close\">&times;<\/button><\/div><\/div><\/div><\/div><\/div><\/div><input type=\"hidden\" name=\"fusion_privacy_store_ip_ua\" value=\"false\"><input type=\"hidden\" name=\"fusion_privacy_expiration_interval\" value=\"48\"><input type=\"hidden\" name=\"privacy_expiration_action\" value=\"anonymize\"><\/form><\/div><\/div><\/div><\/div><\/div>\n","protected":false},"excerpt":{"rendered":"","protected":false},"author":3,"featured_media":0,"parent":0,"menu_order":0,"comment_status":"closed","ping_status":"closed","template":"","meta":{"footnotes":""},"class_list":["post-6974","page","type-page","status-publish","hentry"],"yoast_head":"<!-- This site is optimized with the Yoast SEO plugin v26.7 - https:\/\/yoast.com\/wordpress\/plugins\/seo\/ -->\n<title>Jobs - RTCnow Streaming Services<\/title>\n<meta name=\"description\" content=\"Mitarbeiter*Innen f\u00fcr Programmierung &amp; Infrastrukturwartung gesucht. Wir sind ein dynamischer, flexibler und engagierter Internet Service Solution Provider mit Sitz in Wien und wollen unser Team vergr\u00f6\u00dfern. Wir suchen aktuell Developer*Innen mit Erfahrung in PHP, JS, MySQL und PostgreSQL sowie Netzwerktechnik*Innen (Juniper, Cisco, Ubiquity, BGP, OSPF, etc.)\" \/>\n<meta name=\"robots\" content=\"index, follow, max-snippet:-1, max-image-preview:large, max-video-preview:-1\" \/>\n<link rel=\"canonical\" href=\"https:\/\/www.rtcnow.com\/de\/jobs\/\" \/>\n<meta property=\"og:locale\" content=\"de_DE\" \/>\n<meta property=\"og:type\" content=\"article\" \/>\n<meta property=\"og:title\" content=\"Jobs - RTCnow Streaming Services\" \/>\n<meta property=\"og:description\" content=\"Mitarbeiter*Innen f\u00fcr Programmierung &amp; Infrastrukturwartung gesucht. Wir sind ein dynamischer, flexibler und engagierter Internet Service Solution Provider mit Sitz in Wien und wollen unser Team vergr\u00f6\u00dfern. Wir suchen aktuell Developer*Innen mit Erfahrung in PHP, JS, MySQL und PostgreSQL sowie Netzwerktechnik*Innen (Juniper, Cisco, Ubiquity, BGP, OSPF, etc.)\" \/>\n<meta property=\"og:url\" content=\"https:\/\/www.rtcnow.com\/de\/jobs\/\" \/>\n<meta property=\"og:site_name\" content=\"RTCnow Streaming Services\" \/>\n<meta property=\"article:modified_time\" content=\"2026-03-14T20:01:30+00:00\" \/>\n<meta name=\"twitter:card\" content=\"summary_large_image\" \/>\n<meta name=\"twitter:label1\" content=\"Gesch\u00e4tzte Lesezeit\" \/>\n\t<meta name=\"twitter:data1\" content=\"1\u00a0Minute\" \/>\n<script type=\"application\/ld+json\" class=\"yoast-schema-graph\">{\"@context\":\"https:\/\/schema.org\",\"@graph\":[{\"@type\":\"WebPage\",\"@id\":\"https:\/\/www.rtcnow.com\/de\/jobs\/\",\"url\":\"https:\/\/www.rtcnow.com\/de\/jobs\/\",\"name\":\"Jobs - RTCnow Streaming Services\",\"isPartOf\":{\"@id\":\"https:\/\/www.rtcnow.com\/de\/#website\"},\"datePublished\":\"2024-11-11T20:00:53+00:00\",\"dateModified\":\"2026-03-14T20:01:30+00:00\",\"description\":\"Mitarbeiter*Innen f\u00fcr Programmierung & Infrastrukturwartung gesucht. Wir sind ein dynamischer, flexibler und engagierter Internet Service Solution Provider mit Sitz in Wien und wollen unser Team vergr\u00f6\u00dfern. Wir suchen aktuell Developer*Innen mit Erfahrung in PHP, JS, MySQL und PostgreSQL sowie Netzwerktechnik*Innen (Juniper, Cisco, Ubiquity, BGP, OSPF, etc.)\",\"breadcrumb\":{\"@id\":\"https:\/\/www.rtcnow.com\/de\/jobs\/#breadcrumb\"},\"inLanguage\":\"de\",\"potentialAction\":[{\"@type\":\"ReadAction\",\"target\":[\"https:\/\/www.rtcnow.com\/de\/jobs\/\"]}]},{\"@type\":\"BreadcrumbList\",\"@id\":\"https:\/\/www.rtcnow.com\/de\/jobs\/#breadcrumb\",\"itemListElement\":[{\"@type\":\"ListItem\",\"position\":1,\"name\":\"Home\",\"item\":\"https:\/\/www.rtcnow.com\/de\/\"},{\"@type\":\"ListItem\",\"position\":2,\"name\":\"Jobs\"}]},{\"@type\":\"WebSite\",\"@id\":\"https:\/\/www.rtcnow.com\/de\/#website\",\"url\":\"https:\/\/www.rtcnow.com\/de\/\",\"name\":\"RTCnow Streaming Services\",\"description\":\"Corporate Website of RTCnow\",\"potentialAction\":[{\"@type\":\"SearchAction\",\"target\":{\"@type\":\"EntryPoint\",\"urlTemplate\":\"https:\/\/www.rtcnow.com\/de\/?s={search_term_string}\"},\"query-input\":{\"@type\":\"PropertyValueSpecification\",\"valueRequired\":true,\"valueName\":\"search_term_string\"}}],\"inLanguage\":\"de\"}]}<\/script>\n<!-- \/ Yoast SEO plugin. -->","yoast_head_json":{"title":"Jobs - RTCnow Streaming Services","description":"Mitarbeiter*Innen f\u00fcr Programmierung & Infrastrukturwartung gesucht. Wir sind ein dynamischer, flexibler und engagierter Internet Service Solution Provider mit Sitz in Wien und wollen unser Team vergr\u00f6\u00dfern. Wir suchen aktuell Developer*Innen mit Erfahrung in PHP, JS, MySQL und PostgreSQL sowie Netzwerktechnik*Innen (Juniper, Cisco, Ubiquity, BGP, OSPF, etc.)","robots":{"index":"index","follow":"follow","max-snippet":"max-snippet:-1","max-image-preview":"max-image-preview:large","max-video-preview":"max-video-preview:-1"},"canonical":"https:\/\/www.rtcnow.com\/de\/jobs\/","og_locale":"de_DE","og_type":"article","og_title":"Jobs - RTCnow Streaming Services","og_description":"Mitarbeiter*Innen f\u00fcr Programmierung & Infrastrukturwartung gesucht. Wir sind ein dynamischer, flexibler und engagierter Internet Service Solution Provider mit Sitz in Wien und wollen unser Team vergr\u00f6\u00dfern. Wir suchen aktuell Developer*Innen mit Erfahrung in PHP, JS, MySQL und PostgreSQL sowie Netzwerktechnik*Innen (Juniper, Cisco, Ubiquity, BGP, OSPF, etc.)","og_url":"https:\/\/www.rtcnow.com\/de\/jobs\/","og_site_name":"RTCnow Streaming Services","article_modified_time":"2026-03-14T20:01:30+00:00","twitter_card":"summary_large_image","twitter_misc":{"Gesch\u00e4tzte Lesezeit":"1\u00a0Minute"},"schema":{"@context":"https:\/\/schema.org","@graph":[{"@type":"WebPage","@id":"https:\/\/www.rtcnow.com\/de\/jobs\/","url":"https:\/\/www.rtcnow.com\/de\/jobs\/","name":"Jobs - RTCnow Streaming Services","isPartOf":{"@id":"https:\/\/www.rtcnow.com\/de\/#website"},"datePublished":"2024-11-11T20:00:53+00:00","dateModified":"2026-03-14T20:01:30+00:00","description":"Mitarbeiter*Innen f\u00fcr Programmierung & Infrastrukturwartung gesucht. Wir sind ein dynamischer, flexibler und engagierter Internet Service Solution Provider mit Sitz in Wien und wollen unser Team vergr\u00f6\u00dfern. Wir suchen aktuell Developer*Innen mit Erfahrung in PHP, JS, MySQL und PostgreSQL sowie Netzwerktechnik*Innen (Juniper, Cisco, Ubiquity, BGP, OSPF, etc.)","breadcrumb":{"@id":"https:\/\/www.rtcnow.com\/de\/jobs\/#breadcrumb"},"inLanguage":"de","potentialAction":[{"@type":"ReadAction","target":["https:\/\/www.rtcnow.com\/de\/jobs\/"]}]},{"@type":"BreadcrumbList","@id":"https:\/\/www.rtcnow.com\/de\/jobs\/#breadcrumb","itemListElement":[{"@type":"ListItem","position":1,"name":"Home","item":"https:\/\/www.rtcnow.com\/de\/"},{"@type":"ListItem","position":2,"name":"Jobs"}]},{"@type":"WebSite","@id":"https:\/\/www.rtcnow.com\/de\/#website","url":"https:\/\/www.rtcnow.com\/de\/","name":"RTCnow Streaming Services","description":"Corporate Website of RTCnow","potentialAction":[{"@type":"SearchAction","target":{"@type":"EntryPoint","urlTemplate":"https:\/\/www.rtcnow.com\/de\/?s={search_term_string}"},"query-input":{"@type":"PropertyValueSpecification","valueRequired":true,"valueName":"search_term_string"}}],"inLanguage":"de"}]}},"_links":{"self":[{"href":"https:\/\/www.rtcnow.com\/de\/wp-json\/wp\/v2\/pages\/6974","targetHints":{"allow":["GET"]}}],"collection":[{"href":"https:\/\/www.rtcnow.com\/de\/wp-json\/wp\/v2\/pages"}],"about":[{"href":"https:\/\/www.rtcnow.com\/de\/wp-json\/wp\/v2\/types\/page"}],"author":[{"embeddable":true,"href":"https:\/\/www.rtcnow.com\/de\/wp-json\/wp\/v2\/users\/3"}],"replies":[{"embeddable":true,"href":"https:\/\/www.rtcnow.com\/de\/wp-json\/wp\/v2\/comments?post=6974"}],"version-history":[{"count":8,"href":"https:\/\/www.rtcnow.com\/de\/wp-json\/wp\/v2\/pages\/6974\/revisions"}],"predecessor-version":[{"id":7255,"href":"https:\/\/www.rtcnow.com\/de\/wp-json\/wp\/v2\/pages\/6974\/revisions\/7255"}],"wp:attachment":[{"href":"https:\/\/www.rtcnow.com\/de\/wp-json\/wp\/v2\/media?parent=6974"}],"curies":[{"name":"wp","href":"https:\/\/api.w.org\/{rel}","templated":true}]}}