{"id":483,"date":"2017-06-29T14:09:50","date_gmt":"2017-06-29T14:09:50","guid":{"rendered":"https:\/\/cms.rtcnow.com\/?page_id=483\/"},"modified":"2019-08-30T10:39:07","modified_gmt":"2019-08-30T10:39:07","slug":"branchenloesungen","status":"publish","type":"page","link":"https:\/\/www.rtcnow.com\/de\/branchenloesungen\/","title":{"rendered":"Branchenl\u00f6sungen"},"content":{"rendered":"<div class=\"fusion-fullwidth fullwidth-box fusion-builder-row-1 nonhundred-percent-fullwidth non-hundred-percent-height-scrolling\" style=\"--awb-border-radius-top-left:0px;--awb-border-radius-top-right:0px;--awb-border-radius-bottom-right:0px;--awb-border-radius-bottom-left:0px;--awb-flex-wrap:wrap;\" ><div class=\"fusion-builder-row fusion-row\"><div class=\"fusion-layout-column fusion_builder_column fusion-builder-column-0 fusion_builder_column_1_1 1_1 fusion-one-full fusion-column-first fusion-column-last\" style=\"--awb-bg-size:cover;\"><div class=\"fusion-column-wrapper fusion-flex-column-wrapper-legacy\"><div class=\"fusion-text fusion-text-1\"><p>Wir bieten Ihnen vielf\u00e4ltige Beratung f\u00fcr Ihr Unternehmen an, gestaltet als Projekte mit unterschiedlicher Dauer. In unseren Projekten beantworten wir gemeinsam Fragen wie \u201eWie gehe ich mit Digital Media um?\u201c oder \u201eWas braucht es, um im digitalen Zeitalter erfolgreich zu sein?\u201c.<\/p>\n<p>Im Consulting-Prozess sehen wir uns oftmals zun\u00e4chst die digitale Media-Pr\u00e4senz Ihrer Konkurrenz an, um ein Gef\u00fchl f\u00fcr Ihre Branche und die M\u00f6glichkeiten zu bekommen. Denn immerhin wollen wir gemeinsam besser sein als die Konkurrenz!<\/p>\n<\/div><div class=\"accordian fusion-accordian\" style=\"--awb-border-size:1px;--awb-icon-size:13px;--awb-content-font-size:13px;--awb-icon-alignment:left;--awb-hover-color:#f9f9f9;--awb-border-color:#cccccc;--awb-background-color:#ffffff;--awb-divider-color:#e0dede;--awb-divider-hover-color:#e0dede;--awb-icon-color:#ffffff;--awb-title-color:#333333;--awb-content-color:#747474;--awb-icon-box-color:#333333;--awb-toggle-hover-accent-color:#ff0000;--awb-title-font-family:&#039;Trebuchet MS&#039;, Helvetica, sans-serif;--awb-title-font-weight:400;--awb-title-font-style:normal;--awb-title-font-size:13px;--awb-content-font-family:&#039;Trebuchet MS&#039;, Helvetica, sans-serif;--awb-content-font-style:normal;--awb-content-font-weight:400;\"><div class=\"panel-group fusion-toggle-icon-boxed\" id=\"accordion-483-1\"><div class=\"fusion-panel panel-default panel-da767866dce0b7a9f fusion-toggle-has-divider\"><div class=\"panel-heading\"><h4 class=\"panel-title toggle\" id=\"toggle_da767866dce0b7a9f\"><a aria-expanded=\"false\" aria-controls=\"da767866dce0b7a9f\" role=\"button\" data-toggle=\"collapse\" data-parent=\"#accordion-483-1\" data-target=\"#da767866dce0b7a9f\" href=\"#da767866dce0b7a9f\"><span class=\"fusion-toggle-icon-wrapper\" aria-hidden=\"true\"><i class=\"fa-fusion-box active-icon awb-icon-minus\" aria-hidden=\"true\"><\/i><i class=\"fa-fusion-box inactive-icon awb-icon-plus\" aria-hidden=\"true\"><\/i><\/span><span class=\"fusion-toggle-heading\">Public Relations<\/span><\/a><\/h4><\/div><div id=\"da767866dce0b7a9f\" class=\"panel-collapse collapse \" aria-labelledby=\"toggle_da767866dce0b7a9f\"><div class=\"panel-body toggle-content fusion-clearfix\">\n<p>Unsere global vernetzte Welt stellt Public Relations vor neue Herausforderungen. Das Ziel: Messages schnellstm\u00f6glich zu verbreiten. Ein Live-Stream Ihrer Pressekonferenz kann genau das f\u00fcr Sie tun. Denn viele Journalisten leiden unter gro\u00dfem Zeitdruck und haben nicht die M\u00f6glichkeit, jeder Pressekonferenz beizuwohnen. Deshalb bringen wir die Pressekonferenz zu ihnen \u2013 auf ihre Devices.<\/p>\n<p>Um auch wirklich alle Zielgruppen bestm\u00f6glich zu erreichen, haben wir mit unserer einzigartigen Datacenter-Infrastruktur auch die M\u00f6glichkeit, jedes <a href=\"https:\/\/www.rtcnow.com\/de\/services\/video-on-demand\/\">Event aufzunehmen und als Video on Demand<\/a> zur Verf\u00fcgung zu stellen \u2013 \u00fcberall und zu jeder Zeit abrufbar.<\/p>\n<\/div><\/div><\/div><div class=\"fusion-panel panel-default panel-07d5883d58b401ee3 fusion-toggle-has-divider\"><div class=\"panel-heading\"><h4 class=\"panel-title toggle\" id=\"toggle_07d5883d58b401ee3\"><a aria-expanded=\"false\" aria-controls=\"07d5883d58b401ee3\" role=\"button\" data-toggle=\"collapse\" data-parent=\"#accordion-483-1\" data-target=\"#07d5883d58b401ee3\" href=\"#07d5883d58b401ee3\"><span class=\"fusion-toggle-icon-wrapper\" aria-hidden=\"true\"><i class=\"fa-fusion-box active-icon awb-icon-minus\" aria-hidden=\"true\"><\/i><i class=\"fa-fusion-box inactive-icon awb-icon-plus\" aria-hidden=\"true\"><\/i><\/span><span class=\"fusion-toggle-heading\">Investor Relations<\/span><\/a><\/h4><\/div><div id=\"07d5883d58b401ee3\" class=\"panel-collapse collapse \" aria-labelledby=\"toggle_07d5883d58b401ee3\"><div class=\"panel-body toggle-content fusion-clearfix\">\n<p>Investor Relation ist ein hoch-sensibler Teil der PR. Gerade f\u00fcr b\u00f6rsennotierte Unternehmen ist es erforderlich, ihren Shareholdern regelm\u00e4\u00dfige Quartals- und Jahresberichte zu pr\u00e4sentieren. Dies erh\u00f6ht Ihre Transparenz sowie Vertrauensw\u00fcrdigkeit nachhaltig und verbessert Ihr Image am Markt. Diese Inhalte k\u00f6nnen ebenso \u00fcber unsere digitalen Media Services an die Zielgruppen \u00fcbermittelt werden.<\/p>\n<p>Sie wollen sicherstellen, dass nur eine ausgew\u00e4hlte Personengruppe die Informationen erh\u00e4lt? Kein Problem! Mit unserem Live-Stream Ticket-Feature k\u00f6nnen Sie den Zugang zu einer exakt definierten Usergruppe steuern. Pro User kann nur ein Ticket gel\u00f6st werden. Alternativ zum Ticketing bieten wir ebenso globalen Passwortschutz f\u00fcr Ihre Videos an.<\/p>\n<\/div><\/div><\/div><div class=\"fusion-panel panel-default panel-3911e1edb7e9cd2f8 fusion-toggle-has-divider\"><div class=\"panel-heading\"><h4 class=\"panel-title toggle\" id=\"toggle_3911e1edb7e9cd2f8\"><a aria-expanded=\"false\" aria-controls=\"3911e1edb7e9cd2f8\" role=\"button\" data-toggle=\"collapse\" data-parent=\"#accordion-483-1\" data-target=\"#3911e1edb7e9cd2f8\" href=\"#3911e1edb7e9cd2f8\"><span class=\"fusion-toggle-icon-wrapper\" aria-hidden=\"true\"><i class=\"fa-fusion-box active-icon awb-icon-minus\" aria-hidden=\"true\"><\/i><i class=\"fa-fusion-box inactive-icon awb-icon-plus\" aria-hidden=\"true\"><\/i><\/span><span class=\"fusion-toggle-heading\">Finanz Sektor<\/span><\/a><\/h4><\/div><div id=\"3911e1edb7e9cd2f8\" class=\"panel-collapse collapse \" aria-labelledby=\"toggle_3911e1edb7e9cd2f8\"><div class=\"panel-body toggle-content fusion-clearfix\">\n<p>Finanzservices, Aktienbewegungen und andere Finanzmarktprodukte eignen sich optimal f\u00fcr Video-Content. Unsere Services helfen Ihnen, Ihre Kunden immer auf dem Laufenden zu halten und Neukunden zu gewinnen.<\/p>\n<p>Wie auch bei Investor Relations ist es m\u00f6glich, diese sensiblen Informationen durch ein Ticketing- oder Passwort-System nur einer bestimmten Zielgruppe zug\u00e4nglich zu machen.<\/p>\n<\/div><\/div><\/div><div class=\"fusion-panel panel-default panel-3ac07edb0c294479c fusion-toggle-has-divider\"><div class=\"panel-heading\"><h4 class=\"panel-title toggle\" id=\"toggle_3ac07edb0c294479c\"><a aria-expanded=\"false\" aria-controls=\"3ac07edb0c294479c\" role=\"button\" data-toggle=\"collapse\" data-parent=\"#accordion-483-1\" data-target=\"#3ac07edb0c294479c\" href=\"#3ac07edb0c294479c\"><span class=\"fusion-toggle-icon-wrapper\" aria-hidden=\"true\"><i class=\"fa-fusion-box active-icon awb-icon-minus\" aria-hidden=\"true\"><\/i><i class=\"fa-fusion-box inactive-icon awb-icon-plus\" aria-hidden=\"true\"><\/i><\/span><span class=\"fusion-toggle-heading\">Konferenzen<\/span><\/a><\/h4><\/div><div id=\"3ac07edb0c294479c\" class=\"panel-collapse collapse \" aria-labelledby=\"toggle_3ac07edb0c294479c\"><div class=\"panel-body toggle-content fusion-clearfix\">\n<p>Digital Media-Services sind die beste M\u00f6glichkeit, Ihre Konferenz in die Welt hinaus zu tragen. W\u00e4hrend die Anreise zu einer Konferenz Zeit und Geld kostet, bieten wir Ihnen und Ihren Teilnehmern unsere Services an und geben Ihnen als Veranstalter zudem die M\u00f6glichkeit mit einem Live-Stream-Ticket Geld zu verdienen.<\/p>\n<p>Unsere Kunden k\u00f6nnen den Ticketpreis dabei selbst bestimmen. Dank unserer state-of-the-art Technologie k\u00f6nnen wir sicherstellen, dass nur ein Zuseher pro Ticket Zugang zur \u00dcbertragung hat. F\u00fcr kleinere Konferenzen mit geringerem Budget bieten wir unseren Shop f\u00fcr die Zahlungsabwicklung und das Generieren der Tickets an. Haben Sie bereits einen Ticketing-Shop k\u00f6nnen wir diesen mit unserem System verbinden und so die Tickets zur Verf\u00fcgung stellen. Selbstverst\u00e4ndlich ist es auch m\u00f6glich, Ihren Konferenz-Stream global mit einem Passwort zu sch\u00fctzen.<\/p>\n<\/div><\/div><\/div><div class=\"fusion-panel panel-default panel-66a815db1a3100b56 fusion-toggle-has-divider\"><div class=\"panel-heading\"><h4 class=\"panel-title toggle\" id=\"toggle_66a815db1a3100b56\"><a aria-expanded=\"false\" aria-controls=\"66a815db1a3100b56\" role=\"button\" data-toggle=\"collapse\" data-parent=\"#accordion-483-1\" data-target=\"#66a815db1a3100b56\" href=\"#66a815db1a3100b56\"><span class=\"fusion-toggle-icon-wrapper\" aria-hidden=\"true\"><i class=\"fa-fusion-box active-icon awb-icon-minus\" aria-hidden=\"true\"><\/i><i class=\"fa-fusion-box inactive-icon awb-icon-plus\" aria-hidden=\"true\"><\/i><\/span><span class=\"fusion-toggle-heading\">Medizinbereich<\/span><\/a><\/h4><\/div><div id=\"66a815db1a3100b56\" class=\"panel-collapse collapse \" aria-labelledby=\"toggle_66a815db1a3100b56\"><div class=\"panel-body toggle-content fusion-clearfix\">\n<p>\u00dcbertragungen im Bereich Medizin unterscheiden sich von unseren t\u00e4glichen Auftr\u00e4gen: Die Arbeit in einem geschlossenen, sterilen Raum ben\u00f6tigt spezielle Vorbereitung unseres Teams und neue Workflows, damit unser Team auch nicht im Weg ist, wenn Chirurgen und anderes medizinisches Personal ihre Arbeit verrichten. Unser Streaming-Service ist der perfekte Weg, um das medizinische Wissen an Studenten oder medizinisches Personal weiterzugeben.<\/p>\n<\/div><\/div><\/div><div class=\"fusion-panel panel-default panel-6c2b5ce527854c635 fusion-toggle-has-divider\"><div class=\"panel-heading\"><h4 class=\"panel-title toggle\" id=\"toggle_6c2b5ce527854c635\"><a aria-expanded=\"false\" aria-controls=\"6c2b5ce527854c635\" role=\"button\" data-toggle=\"collapse\" data-parent=\"#accordion-483-1\" data-target=\"#6c2b5ce527854c635\" href=\"#6c2b5ce527854c635\"><span class=\"fusion-toggle-icon-wrapper\" aria-hidden=\"true\"><i class=\"fa-fusion-box active-icon awb-icon-minus\" aria-hidden=\"true\"><\/i><i class=\"fa-fusion-box inactive-icon awb-icon-plus\" aria-hidden=\"true\"><\/i><\/span><span class=\"fusion-toggle-heading\">Bildung und E-Learning<\/span><\/a><\/h4><\/div><div id=\"6c2b5ce527854c635\" class=\"panel-collapse collapse \" aria-labelledby=\"toggle_6c2b5ce527854c635\"><div class=\"panel-body toggle-content fusion-clearfix\">\n<p>E-Learning oder die \u00dcbertragung von Bildungsinhalten ist einer unserer meistgenutzten Services. Schulen, Institute, Universit\u00e4ten und Unternehmen k\u00f6nnen Geld mit dem Bereitstellen von Lerninformationen verdienen. Auch f\u00fcr interne Schulungen in Unternehmen sind unsere Streaming-Services optimal geeignet. Unser Service ist kein Webinar, sondern eine \u201eOne-to-many application\u201c die Ihnen unn\u00f6tige, teure Software erspart, da alles \u00fcber unser Netzwerk abgewickelt wird.<\/p>\n<p>Unsere Kunden k\u00f6nnen Live-Stream-Aufnahmen nutzen, um die Inhalte als Video on Demand zur Verf\u00fcgung zu stellen und das schon kurz nach Abschluss der Live-\u00dcbertragung. Mit unserem sicheren Ticketing-System k\u00f6nnen Sie Geld f\u00fcr Ihren Content verdienen. Alternativ zum Ticketing kann auch unser Passwortschutz f\u00fcr die Aufnahmen gew\u00e4hlt werden.<\/p>\n<\/div><\/div><\/div><div class=\"fusion-panel panel-default panel-8b2ab13e70943e193 fusion-toggle-has-divider\"><div class=\"panel-heading\"><h4 class=\"panel-title toggle\" id=\"toggle_8b2ab13e70943e193\"><a aria-expanded=\"false\" aria-controls=\"8b2ab13e70943e193\" role=\"button\" data-toggle=\"collapse\" data-parent=\"#accordion-483-1\" data-target=\"#8b2ab13e70943e193\" href=\"#8b2ab13e70943e193\"><span class=\"fusion-toggle-icon-wrapper\" aria-hidden=\"true\"><i class=\"fa-fusion-box active-icon awb-icon-minus\" aria-hidden=\"true\"><\/i><i class=\"fa-fusion-box inactive-icon awb-icon-plus\" aria-hidden=\"true\"><\/i><\/span><span class=\"fusion-toggle-heading\">Entertainment<\/span><\/a><\/h4><\/div><div id=\"8b2ab13e70943e193\" class=\"panel-collapse collapse \" aria-labelledby=\"toggle_8b2ab13e70943e193\"><div class=\"panel-body toggle-content fusion-clearfix\">\n<p>Das Broadcasting von Entertainment-Angeboten ist die Mutter aller Streaming-Services. Erst durch die Anwendung in der Unterhaltungsindustrie wurde die Technologie f\u00fcr die Massen weiterentwickelt. Mit RTCnow k\u00f6nnen Sie jeglichen Unterhaltungs-Content einem globalen Publikum zur Verf\u00fcgung stellen. Die Aufnahme einer Live-Show und die Aufzeichnung als Video on Demand bieten Ihnen die M\u00f6glichkeit, mit unserem Live-Stream-Ticketing System zus\u00e4tzliches Geld zu verdienen.<\/p>\n<\/div><\/div><\/div><div class=\"fusion-panel panel-default panel-0a268ac3774c08723 fusion-toggle-has-divider\"><div class=\"panel-heading\"><h4 class=\"panel-title toggle\" id=\"toggle_0a268ac3774c08723\"><a aria-expanded=\"false\" aria-controls=\"0a268ac3774c08723\" role=\"button\" data-toggle=\"collapse\" data-parent=\"#accordion-483-1\" data-target=\"#0a268ac3774c08723\" href=\"#0a268ac3774c08723\"><span class=\"fusion-toggle-icon-wrapper\" aria-hidden=\"true\"><i class=\"fa-fusion-box active-icon awb-icon-minus\" aria-hidden=\"true\"><\/i><i class=\"fa-fusion-box inactive-icon awb-icon-plus\" aria-hidden=\"true\"><\/i><\/span><span class=\"fusion-toggle-heading\">Government\/Regierung<\/span><\/a><\/h4><\/div><div id=\"0a268ac3774c08723\" class=\"panel-collapse collapse \" aria-labelledby=\"toggle_0a268ac3774c08723\"><div class=\"panel-body toggle-content fusion-clearfix\">\n<p>Das Streaming von Regierungsinhalten bietet zwei Vorteile: es sichert die Transparenz der Politik und macht politische Inhalte f\u00fcr alle B\u00fcrger frei zug\u00e4nglich. Wir bieten spezielle Packages f\u00fcr die Public Relations von Regierungen auf allen Ebenen, Verb\u00e4nde und \u00f6ffentliche Organisationen.<\/p>\n<\/div><\/div><\/div><div class=\"fusion-panel panel-default panel-1a493c711ad73b43b fusion-toggle-has-divider\"><div class=\"panel-heading\"><h4 class=\"panel-title toggle\" id=\"toggle_1a493c711ad73b43b\"><a aria-expanded=\"false\" aria-controls=\"1a493c711ad73b43b\" role=\"button\" data-toggle=\"collapse\" data-parent=\"#accordion-483-1\" data-target=\"#1a493c711ad73b43b\" href=\"#1a493c711ad73b43b\"><span class=\"fusion-toggle-icon-wrapper\" aria-hidden=\"true\"><i class=\"fa-fusion-box active-icon awb-icon-minus\" aria-hidden=\"true\"><\/i><i class=\"fa-fusion-box inactive-icon awb-icon-plus\" aria-hidden=\"true\"><\/i><\/span><span class=\"fusion-toggle-heading\">Whitelabel<\/span><\/a><\/h4><\/div><div id=\"1a493c711ad73b43b\" class=\"panel-collapse collapse \" aria-labelledby=\"toggle_1a493c711ad73b43b\"><div class=\"panel-body toggle-content fusion-clearfix\">\n<p>Sie sind Internet oder Hosting Service Provider und auf der Suche nach einem professionellen und stabilen Streaming Service f\u00fcr Ihre Kunden \u2013 ohne dabei selbst ein teures Netzwerk an Servern verstreut \u00fcber den gesamten Globus aufstellen zu m\u00fcssen? Wir k\u00f6nnen Ihnen unsere technologische Struktur zur Verf\u00fcgung stellen, damit Sie selbst Geld mit Streaming-Services verdienen k\u00f6nnen.<\/p>\n<\/div><\/div><\/div><\/div><\/div><div class=\"fusion-clearfix\"><\/div><\/div><\/div><\/div><\/div>\n","protected":false},"excerpt":{"rendered":"","protected":false},"author":3,"featured_media":0,"parent":0,"menu_order":0,"comment_status":"closed","ping_status":"closed","template":"","meta":{"footnotes":""},"class_list":["post-483","page","type-page","status-publish","hentry"],"yoast_head":"<!-- This site is optimized with the Yoast SEO plugin v26.7 - https:\/\/yoast.com\/wordpress\/plugins\/seo\/ -->\n<title>Branchenl\u00f6sungen - RTCnow Streaming Services<\/title>\n<meta name=\"robots\" content=\"index, follow, max-snippet:-1, max-image-preview:large, max-video-preview:-1\" \/>\n<link rel=\"canonical\" href=\"https:\/\/www.rtcnow.com\/de\/branchenloesungen\/\" \/>\n<meta property=\"og:locale\" content=\"de_DE\" \/>\n<meta property=\"og:type\" content=\"article\" \/>\n<meta property=\"og:title\" content=\"Branchenl\u00f6sungen - RTCnow Streaming Services\" \/>\n<meta property=\"og:url\" content=\"https:\/\/www.rtcnow.com\/de\/branchenloesungen\/\" \/>\n<meta property=\"og:site_name\" content=\"RTCnow Streaming Services\" \/>\n<meta property=\"article:modified_time\" content=\"2019-08-30T10:39:07+00:00\" \/>\n<meta name=\"twitter:card\" content=\"summary_large_image\" \/>\n<meta name=\"twitter:label1\" content=\"Gesch\u00e4tzte Lesezeit\" \/>\n\t<meta name=\"twitter:data1\" content=\"5\u00a0Minuten\" \/>\n<script type=\"application\/ld+json\" class=\"yoast-schema-graph\">{\"@context\":\"https:\/\/schema.org\",\"@graph\":[{\"@type\":\"WebPage\",\"@id\":\"https:\/\/www.rtcnow.com\/de\/branchenloesungen\/\",\"url\":\"https:\/\/www.rtcnow.com\/de\/branchenloesungen\/\",\"name\":\"Branchenl\u00f6sungen - RTCnow Streaming Services\",\"isPartOf\":{\"@id\":\"https:\/\/www.rtcnow.com\/de\/#website\"},\"datePublished\":\"2017-06-29T14:09:50+00:00\",\"dateModified\":\"2019-08-30T10:39:07+00:00\",\"breadcrumb\":{\"@id\":\"https:\/\/www.rtcnow.com\/de\/branchenloesungen\/#breadcrumb\"},\"inLanguage\":\"de\",\"potentialAction\":[{\"@type\":\"ReadAction\",\"target\":[\"https:\/\/www.rtcnow.com\/de\/branchenloesungen\/\"]}]},{\"@type\":\"BreadcrumbList\",\"@id\":\"https:\/\/www.rtcnow.com\/de\/branchenloesungen\/#breadcrumb\",\"itemListElement\":[{\"@type\":\"ListItem\",\"position\":1,\"name\":\"Home\",\"item\":\"https:\/\/www.rtcnow.com\/de\/\"},{\"@type\":\"ListItem\",\"position\":2,\"name\":\"Branchenl\u00f6sungen\"}]},{\"@type\":\"WebSite\",\"@id\":\"https:\/\/www.rtcnow.com\/de\/#website\",\"url\":\"https:\/\/www.rtcnow.com\/de\/\",\"name\":\"RTCnow Streaming Services\",\"description\":\"Corporate Website of RTCnow\",\"potentialAction\":[{\"@type\":\"SearchAction\",\"target\":{\"@type\":\"EntryPoint\",\"urlTemplate\":\"https:\/\/www.rtcnow.com\/de\/?s={search_term_string}\"},\"query-input\":{\"@type\":\"PropertyValueSpecification\",\"valueRequired\":true,\"valueName\":\"search_term_string\"}}],\"inLanguage\":\"de\"}]}<\/script>\n<!-- \/ Yoast SEO plugin. -->","yoast_head_json":{"title":"Branchenl\u00f6sungen - RTCnow Streaming Services","robots":{"index":"index","follow":"follow","max-snippet":"max-snippet:-1","max-image-preview":"max-image-preview:large","max-video-preview":"max-video-preview:-1"},"canonical":"https:\/\/www.rtcnow.com\/de\/branchenloesungen\/","og_locale":"de_DE","og_type":"article","og_title":"Branchenl\u00f6sungen - RTCnow Streaming Services","og_url":"https:\/\/www.rtcnow.com\/de\/branchenloesungen\/","og_site_name":"RTCnow Streaming Services","article_modified_time":"2019-08-30T10:39:07+00:00","twitter_card":"summary_large_image","twitter_misc":{"Gesch\u00e4tzte Lesezeit":"5\u00a0Minuten"},"schema":{"@context":"https:\/\/schema.org","@graph":[{"@type":"WebPage","@id":"https:\/\/www.rtcnow.com\/de\/branchenloesungen\/","url":"https:\/\/www.rtcnow.com\/de\/branchenloesungen\/","name":"Branchenl\u00f6sungen - RTCnow Streaming Services","isPartOf":{"@id":"https:\/\/www.rtcnow.com\/de\/#website"},"datePublished":"2017-06-29T14:09:50+00:00","dateModified":"2019-08-30T10:39:07+00:00","breadcrumb":{"@id":"https:\/\/www.rtcnow.com\/de\/branchenloesungen\/#breadcrumb"},"inLanguage":"de","potentialAction":[{"@type":"ReadAction","target":["https:\/\/www.rtcnow.com\/de\/branchenloesungen\/"]}]},{"@type":"BreadcrumbList","@id":"https:\/\/www.rtcnow.com\/de\/branchenloesungen\/#breadcrumb","itemListElement":[{"@type":"ListItem","position":1,"name":"Home","item":"https:\/\/www.rtcnow.com\/de\/"},{"@type":"ListItem","position":2,"name":"Branchenl\u00f6sungen"}]},{"@type":"WebSite","@id":"https:\/\/www.rtcnow.com\/de\/#website","url":"https:\/\/www.rtcnow.com\/de\/","name":"RTCnow Streaming Services","description":"Corporate Website of RTCnow","potentialAction":[{"@type":"SearchAction","target":{"@type":"EntryPoint","urlTemplate":"https:\/\/www.rtcnow.com\/de\/?s={search_term_string}"},"query-input":{"@type":"PropertyValueSpecification","valueRequired":true,"valueName":"search_term_string"}}],"inLanguage":"de"}]}},"_links":{"self":[{"href":"https:\/\/www.rtcnow.com\/de\/wp-json\/wp\/v2\/pages\/483","targetHints":{"allow":["GET"]}}],"collection":[{"href":"https:\/\/www.rtcnow.com\/de\/wp-json\/wp\/v2\/pages"}],"about":[{"href":"https:\/\/www.rtcnow.com\/de\/wp-json\/wp\/v2\/types\/page"}],"author":[{"embeddable":true,"href":"https:\/\/www.rtcnow.com\/de\/wp-json\/wp\/v2\/users\/3"}],"replies":[{"embeddable":true,"href":"https:\/\/www.rtcnow.com\/de\/wp-json\/wp\/v2\/comments?post=483"}],"version-history":[{"count":6,"href":"https:\/\/www.rtcnow.com\/de\/wp-json\/wp\/v2\/pages\/483\/revisions"}],"predecessor-version":[{"id":3299,"href":"https:\/\/www.rtcnow.com\/de\/wp-json\/wp\/v2\/pages\/483\/revisions\/3299"}],"wp:attachment":[{"href":"https:\/\/www.rtcnow.com\/de\/wp-json\/wp\/v2\/media?parent=483"}],"curies":[{"name":"wp","href":"https:\/\/api.w.org\/{rel}","templated":true}]}}