{"id":475,"date":"2017-06-29T14:08:17","date_gmt":"2017-06-29T14:08:17","guid":{"rendered":"https:\/\/cms.rtcnow.com\/?page_id=475\/"},"modified":"2017-07-06T05:58:20","modified_gmt":"2017-07-06T05:58:20","slug":"consulting","status":"publish","type":"page","link":"https:\/\/www.rtcnow.com\/de\/services\/consulting\/","title":{"rendered":"Consulting"},"content":{"rendered":"<div class=\"fusion-fullwidth fullwidth-box fusion-builder-row-1 nonhundred-percent-fullwidth non-hundred-percent-height-scrolling\" style=\"--awb-border-radius-top-left:0px;--awb-border-radius-top-right:0px;--awb-border-radius-bottom-right:0px;--awb-border-radius-bottom-left:0px;--awb-flex-wrap:wrap;\" ><div class=\"fusion-builder-row fusion-row\"><div class=\"fusion-layout-column fusion_builder_column fusion-builder-column-0 fusion_builder_column_2_3 2_3 fusion-two-third fusion-column-first\" style=\"--awb-bg-size:cover;width:66.666666666667%;width:calc(66.666666666667% - ( ( 4% ) * 0.66666666666667 ) );margin-right: 4%;\"><div class=\"fusion-column-wrapper fusion-flex-column-wrapper-legacy\"><div class=\"fusion-text fusion-text-1\"><p>Wir bieten Ihnen vielf\u00e4ltige, pers\u00f6nliche \u00a0Beratung f\u00fcr Ihr Unternehmen\/ihre Organisation an &#8211; gestaltet als Projekte mit unterschiedlicher Dauer. In unseren Projekten beantworten wir gemeinsam mit Ihnen Fragen wie \u201eWie gehe ich mit Digital Media um?\u201c oder \u201eWas braucht es, um im digitalen Zeitalter erfolgreich zu sein?\u201c.<\/p>\n<p>Wir bieten keine &#8222;L\u00f6sungen von der Stange&#8220; an, sondern finden zusammen die beste, individuelle L\u00f6sung f\u00fcr Ihr Unternehmen\/ihre Organisation.<\/p>\n<p>Im Consulting-Prozess sehen wir nach einem ausf\u00fchrlichen Briefing auch oftmals die digitale Media-Pr\u00e4senz Ihrer Konkurrenz an, um ein Gef\u00fchl f\u00fcr Ihre Branche, die M\u00f6glichkeiten und auch Anforderungen zu bekommen.<\/p>\n<p>Denn immerhin wollen wir gemeinsam besser sein als die Konkurrenz!<\/p>\n<\/div><div class=\"fusion-clearfix\"><\/div><\/div><\/div><div class=\"fusion-layout-column fusion_builder_column fusion-builder-column-1 fusion_builder_column_1_3 1_3 fusion-one-third fusion-column-last\" style=\"--awb-bg-size:cover;width:33.333333333333%;width:calc(33.333333333333% - ( ( 4% ) * 0.33333333333333 ) );\"><div class=\"fusion-column-wrapper fusion-flex-column-wrapper-legacy\"><div class=\"fusion-widget-area awb-widget-area-element fusion-widget-area-1 fusion-content-widget-area\" style=\"--awb-title-size:18px;--awb-title-color:#333333;--awb-padding:0px 0px 0px 0px;\"><div id=\"nav_menu-3\" class=\"widget widget_nav_menu\"><div class=\"menu-submenu_services-container\"><ul id=\"menu-submenu_services\" class=\"menu\"><li id=\"menu-item-499\" class=\"menu-item menu-item-type-post_type menu-item-object-page menu-item-499\"><a href=\"https:\/\/www.rtcnow.com\/de\/services\/\">\u00dcbersicht Services<\/a><\/li>\n<li id=\"menu-item-407\" class=\"menu-item menu-item-type-post_type menu-item-object-page menu-item-407\"><a href=\"https:\/\/www.rtcnow.com\/de\/services\/livestreaming\/\">Livestreaming<\/a><\/li>\n<li id=\"menu-item-403\" class=\"menu-item menu-item-type-post_type menu-item-object-page menu-item-403\"><a href=\"https:\/\/www.rtcnow.com\/de\/services\/video-on-demand\/\">Video on Demand<\/a><\/li>\n<li id=\"menu-item-468\" class=\"menu-item menu-item-type-post_type menu-item-object-page menu-item-468\"><a href=\"https:\/\/www.rtcnow.com\/de\/services\/streamticketing\/\">Streamticketing<\/a><\/li>\n<li id=\"menu-item-472\" class=\"menu-item menu-item-type-post_type menu-item-object-page menu-item-472\"><a href=\"https:\/\/www.rtcnow.com\/de\/services\/livestreamrecording\/\">Livestreamrecording<\/a><\/li>\n<li id=\"menu-item-519\" class=\"menu-item menu-item-type-post_type menu-item-object-page menu-item-519\"><a href=\"https:\/\/www.rtcnow.com\/de\/services\/realtime-slides\/\">Realtime Slides<\/a><\/li>\n<li id=\"menu-item-496\" class=\"menu-item menu-item-type-post_type menu-item-object-page menu-item-496\"><a href=\"https:\/\/www.rtcnow.com\/de\/services\/consulting\/\">Consulting<\/a><\/li>\n<li id=\"menu-item-7215\" class=\"menu-item menu-item-type-post_type menu-item-object-page menu-item-7215\"><a href=\"https:\/\/www.rtcnow.com\/de\/services\/web-development\/\">Web Development<\/a><\/li>\n<li id=\"menu-item-1031\" class=\"menu-item menu-item-type-post_type menu-item-object-page menu-item-1031\"><a href=\"https:\/\/www.rtcnow.com\/de\/services\/internet-services\/\">Internet Services<\/a><\/li>\n<\/ul><\/div><\/div><div class=\"fusion-additional-widget-content\"><\/div><\/div><div class=\"fusion-clearfix\"><\/div><\/div><\/div><\/div><\/div>\n","protected":false},"excerpt":{"rendered":"","protected":false},"author":3,"featured_media":0,"parent":368,"menu_order":0,"comment_status":"closed","ping_status":"closed","template":"","meta":{"footnotes":""},"class_list":["post-475","page","type-page","status-publish","hentry"],"yoast_head":"<!-- This site is optimized with the Yoast SEO plugin v26.7 - https:\/\/yoast.com\/wordpress\/plugins\/seo\/ -->\n<title>Consulting - RTCnow Streaming Services<\/title>\n<meta name=\"robots\" content=\"index, follow, max-snippet:-1, max-image-preview:large, max-video-preview:-1\" \/>\n<link rel=\"canonical\" href=\"https:\/\/www.rtcnow.com\/de\/services\/consulting\/\" \/>\n<meta property=\"og:locale\" content=\"de_DE\" \/>\n<meta property=\"og:type\" content=\"article\" \/>\n<meta property=\"og:title\" content=\"Consulting - RTCnow Streaming Services\" \/>\n<meta property=\"og:url\" content=\"https:\/\/www.rtcnow.com\/de\/services\/consulting\/\" \/>\n<meta property=\"og:site_name\" content=\"RTCnow Streaming Services\" \/>\n<meta property=\"article:modified_time\" content=\"2017-07-06T05:58:20+00:00\" \/>\n<meta name=\"twitter:card\" content=\"summary_large_image\" \/>\n<meta name=\"twitter:label1\" content=\"Gesch\u00e4tzte Lesezeit\" \/>\n\t<meta name=\"twitter:data1\" content=\"2\u00a0Minuten\" \/>\n<script type=\"application\/ld+json\" class=\"yoast-schema-graph\">{\"@context\":\"https:\/\/schema.org\",\"@graph\":[{\"@type\":\"WebPage\",\"@id\":\"https:\/\/www.rtcnow.com\/de\/services\/consulting\/\",\"url\":\"https:\/\/www.rtcnow.com\/de\/services\/consulting\/\",\"name\":\"Consulting - RTCnow Streaming Services\",\"isPartOf\":{\"@id\":\"https:\/\/www.rtcnow.com\/de\/#website\"},\"datePublished\":\"2017-06-29T14:08:17+00:00\",\"dateModified\":\"2017-07-06T05:58:20+00:00\",\"breadcrumb\":{\"@id\":\"https:\/\/www.rtcnow.com\/de\/services\/consulting\/#breadcrumb\"},\"inLanguage\":\"de\",\"potentialAction\":[{\"@type\":\"ReadAction\",\"target\":[\"https:\/\/www.rtcnow.com\/de\/services\/consulting\/\"]}]},{\"@type\":\"BreadcrumbList\",\"@id\":\"https:\/\/www.rtcnow.com\/de\/services\/consulting\/#breadcrumb\",\"itemListElement\":[{\"@type\":\"ListItem\",\"position\":1,\"name\":\"Home\",\"item\":\"https:\/\/www.rtcnow.com\/de\/\"},{\"@type\":\"ListItem\",\"position\":2,\"name\":\"Services\",\"item\":\"https:\/\/www.rtcnow.com\/de\/services\/\"},{\"@type\":\"ListItem\",\"position\":3,\"name\":\"Consulting\"}]},{\"@type\":\"WebSite\",\"@id\":\"https:\/\/www.rtcnow.com\/de\/#website\",\"url\":\"https:\/\/www.rtcnow.com\/de\/\",\"name\":\"RTCnow Streaming Services\",\"description\":\"Corporate Website of RTCnow\",\"potentialAction\":[{\"@type\":\"SearchAction\",\"target\":{\"@type\":\"EntryPoint\",\"urlTemplate\":\"https:\/\/www.rtcnow.com\/de\/?s={search_term_string}\"},\"query-input\":{\"@type\":\"PropertyValueSpecification\",\"valueRequired\":true,\"valueName\":\"search_term_string\"}}],\"inLanguage\":\"de\"}]}<\/script>\n<!-- \/ Yoast SEO plugin. -->","yoast_head_json":{"title":"Consulting - RTCnow Streaming Services","robots":{"index":"index","follow":"follow","max-snippet":"max-snippet:-1","max-image-preview":"max-image-preview:large","max-video-preview":"max-video-preview:-1"},"canonical":"https:\/\/www.rtcnow.com\/de\/services\/consulting\/","og_locale":"de_DE","og_type":"article","og_title":"Consulting - RTCnow Streaming Services","og_url":"https:\/\/www.rtcnow.com\/de\/services\/consulting\/","og_site_name":"RTCnow Streaming Services","article_modified_time":"2017-07-06T05:58:20+00:00","twitter_card":"summary_large_image","twitter_misc":{"Gesch\u00e4tzte Lesezeit":"2\u00a0Minuten"},"schema":{"@context":"https:\/\/schema.org","@graph":[{"@type":"WebPage","@id":"https:\/\/www.rtcnow.com\/de\/services\/consulting\/","url":"https:\/\/www.rtcnow.com\/de\/services\/consulting\/","name":"Consulting - RTCnow Streaming Services","isPartOf":{"@id":"https:\/\/www.rtcnow.com\/de\/#website"},"datePublished":"2017-06-29T14:08:17+00:00","dateModified":"2017-07-06T05:58:20+00:00","breadcrumb":{"@id":"https:\/\/www.rtcnow.com\/de\/services\/consulting\/#breadcrumb"},"inLanguage":"de","potentialAction":[{"@type":"ReadAction","target":["https:\/\/www.rtcnow.com\/de\/services\/consulting\/"]}]},{"@type":"BreadcrumbList","@id":"https:\/\/www.rtcnow.com\/de\/services\/consulting\/#breadcrumb","itemListElement":[{"@type":"ListItem","position":1,"name":"Home","item":"https:\/\/www.rtcnow.com\/de\/"},{"@type":"ListItem","position":2,"name":"Services","item":"https:\/\/www.rtcnow.com\/de\/services\/"},{"@type":"ListItem","position":3,"name":"Consulting"}]},{"@type":"WebSite","@id":"https:\/\/www.rtcnow.com\/de\/#website","url":"https:\/\/www.rtcnow.com\/de\/","name":"RTCnow Streaming Services","description":"Corporate Website of RTCnow","potentialAction":[{"@type":"SearchAction","target":{"@type":"EntryPoint","urlTemplate":"https:\/\/www.rtcnow.com\/de\/?s={search_term_string}"},"query-input":{"@type":"PropertyValueSpecification","valueRequired":true,"valueName":"search_term_string"}}],"inLanguage":"de"}]}},"_links":{"self":[{"href":"https:\/\/www.rtcnow.com\/de\/wp-json\/wp\/v2\/pages\/475","targetHints":{"allow":["GET"]}}],"collection":[{"href":"https:\/\/www.rtcnow.com\/de\/wp-json\/wp\/v2\/pages"}],"about":[{"href":"https:\/\/www.rtcnow.com\/de\/wp-json\/wp\/v2\/types\/page"}],"author":[{"embeddable":true,"href":"https:\/\/www.rtcnow.com\/de\/wp-json\/wp\/v2\/users\/3"}],"replies":[{"embeddable":true,"href":"https:\/\/www.rtcnow.com\/de\/wp-json\/wp\/v2\/comments?post=475"}],"version-history":[{"count":2,"href":"https:\/\/www.rtcnow.com\/de\/wp-json\/wp\/v2\/pages\/475\/revisions"}],"predecessor-version":[{"id":1068,"href":"https:\/\/www.rtcnow.com\/de\/wp-json\/wp\/v2\/pages\/475\/revisions\/1068"}],"up":[{"embeddable":true,"href":"https:\/\/www.rtcnow.com\/de\/wp-json\/wp\/v2\/pages\/368"}],"wp:attachment":[{"href":"https:\/\/www.rtcnow.com\/de\/wp-json\/wp\/v2\/media?parent=475"}],"curies":[{"name":"wp","href":"https:\/\/api.w.org\/{rel}","templated":true}]}}