{"id":368,"date":"2017-06-29T13:17:11","date_gmt":"2017-06-29T13:17:11","guid":{"rendered":"https:\/\/cms.rtcnow.com\/?page_id=368\/"},"modified":"2017-07-06T06:03:50","modified_gmt":"2017-07-06T06:03:50","slug":"services","status":"publish","type":"page","link":"https:\/\/www.rtcnow.com\/de\/services\/","title":{"rendered":"Services"},"content":{"rendered":"<div class=\"fusion-fullwidth fullwidth-box fusion-builder-row-1 nonhundred-percent-fullwidth non-hundred-percent-height-scrolling\" style=\"--awb-border-radius-top-left:0px;--awb-border-radius-top-right:0px;--awb-border-radius-bottom-right:0px;--awb-border-radius-bottom-left:0px;--awb-flex-wrap:wrap;\" ><div class=\"fusion-builder-row fusion-row\"><div class=\"fusion-layout-column fusion_builder_column fusion-builder-column-0 fusion_builder_column_2_3 2_3 fusion-two-third fusion-column-first\" style=\"--awb-bg-size:cover;width:66.666666666667%;width:calc(66.666666666667% - ( ( 4% ) * 0.66666666666667 ) );margin-right: 4%;\"><div class=\"fusion-column-wrapper fusion-flex-column-wrapper-legacy\"><div class=\"fusion-text fusion-text-1\"><p>Mit Digital Media \u00fcbermitteln Sie Ihre Botschaften ohne Streuverluste an Ihre Zielgruppe. Dank unserer globalen Infrastruktur k\u00f6nnen Sie mit unserem Live-Stream Service \u201eBreaking News\u201c in Echtzeit \u00fcbermitteln \u2013 und den Stream nur kurze Zeit nach dem Dreh zus\u00e4tzlich als Video on Demand zur Verf\u00fcgung stellen. Der Content kann exklusiv f\u00fcr gewisse Zielgruppen oder \u00f6ffentlich zug\u00e4nglich gemacht werden.<\/p>\n<p><strong><br \/>\nIndividuelle Leistungen<br \/>\n<\/strong>All unsere Services werden mit Videoproduktionsfirmen und dem Kunden gemeinsam entwickelt. So stellen wir sicher, dass Sie das bekommen, was Sie wirklich brauchen \u2013 von Profis, f\u00fcr Profis.<\/p>\n<p><strong><br \/>\nOne-Stop-Shop mit professionellem Service<br \/>\n<\/strong>Unsere Leistungen sind in Europa und den USA verf\u00fcgbar. Als Kunde brauchen Sie sich um nichts zu k\u00fcmmern! Wir \u00fcbernehmen die Vorort-Videoproduktion und stellen Ihnen unser globales Netzwerk zur Verf\u00fcgung.<\/p>\n<\/div><div class=\"fusion-testimonials classic awb-speech-bubble-show fusion-testimonials-1\" style=\"--awb-textcolor:#747474;--awb-backgroundcolor:#f6f6f6;--awb-testimonial-border-style:solid;--awb-testimonial-border-color:var(--awb-color3);--awb-border-top-left-radius:0px;--awb-border-top-right-radius:0px;--awb-border-bottom-left-radius:0px;--awb-border-bottom-right-radius:0px;--testimonial-border-width-top:0px;--testimonial-border-width-right:0px;--testimonial-border-width-bottom:0px;--testimonial-border-width-left:0px;\" data-random=\"0\" data-speed=\"4000\"><div class=\"reviews\"><div class=\"review active-testimonial male\"><blockquote><div class=\"awb-quote\"><div class=\"awb-quote-content\">\n<p><strong><span class=\"s1\"><i>This is the future, streaming is the future. TV will not be TV in five years from now\u2026everyone will be streaming.<\/i><\/span><\/strong><\/p>\n<\/div><\/div><span class=\"awb-triangle\"><\/span><\/blockquote><div class=\"author\"><span class=\"testimonial-thumbnail doe\"><\/span><span class=\"company-name\"><strong>Beau Willimon (script writer for \u201eHouse of Cards\u201c)<\/strong><span>, <\/span><span>Netflix<\/span><\/span><\/div><\/div><\/div><\/div><div class=\"fusion-clearfix\"><\/div><\/div><\/div><div class=\"fusion-layout-column fusion_builder_column fusion-builder-column-1 fusion_builder_column_1_3 1_3 fusion-one-third fusion-column-last\" style=\"--awb-bg-size:cover;width:33.333333333333%;width:calc(33.333333333333% - ( ( 4% ) * 0.33333333333333 ) );\"><div class=\"fusion-column-wrapper fusion-flex-column-wrapper-legacy\"><div class=\"fusion-widget-area awb-widget-area-element fusion-widget-area-1 fusion-content-widget-area\" style=\"--awb-title-size:18px;--awb-title-color:#333333;--awb-padding:0px 0px 0px 0px;\"><div id=\"nav_menu-3\" class=\"widget widget_nav_menu\"><div class=\"menu-submenu_services-container\"><ul id=\"menu-submenu_services\" class=\"menu\"><li id=\"menu-item-499\" class=\"menu-item menu-item-type-post_type menu-item-object-page menu-item-499\"><a href=\"https:\/\/www.rtcnow.com\/de\/services\/\">\u00dcbersicht Services<\/a><\/li>\n<li id=\"menu-item-407\" class=\"menu-item menu-item-type-post_type menu-item-object-page menu-item-407\"><a href=\"https:\/\/www.rtcnow.com\/de\/services\/livestreaming\/\">Livestreaming<\/a><\/li>\n<li id=\"menu-item-403\" class=\"menu-item menu-item-type-post_type menu-item-object-page menu-item-403\"><a href=\"https:\/\/www.rtcnow.com\/de\/services\/video-on-demand\/\">Video on Demand<\/a><\/li>\n<li id=\"menu-item-468\" class=\"menu-item menu-item-type-post_type menu-item-object-page menu-item-468\"><a href=\"https:\/\/www.rtcnow.com\/de\/services\/streamticketing\/\">Streamticketing<\/a><\/li>\n<li id=\"menu-item-472\" class=\"menu-item menu-item-type-post_type menu-item-object-page menu-item-472\"><a href=\"https:\/\/www.rtcnow.com\/de\/services\/livestreamrecording\/\">Livestreamrecording<\/a><\/li>\n<li id=\"menu-item-519\" class=\"menu-item menu-item-type-post_type menu-item-object-page menu-item-519\"><a href=\"https:\/\/www.rtcnow.com\/de\/services\/realtime-slides\/\">Realtime Slides<\/a><\/li>\n<li id=\"menu-item-496\" class=\"menu-item menu-item-type-post_type menu-item-object-page menu-item-496\"><a href=\"https:\/\/www.rtcnow.com\/de\/services\/consulting\/\">Consulting<\/a><\/li>\n<li id=\"menu-item-7215\" class=\"menu-item menu-item-type-post_type menu-item-object-page menu-item-7215\"><a href=\"https:\/\/www.rtcnow.com\/de\/services\/web-development\/\">Web Development<\/a><\/li>\n<li id=\"menu-item-1031\" class=\"menu-item menu-item-type-post_type menu-item-object-page menu-item-1031\"><a href=\"https:\/\/www.rtcnow.com\/de\/services\/internet-services\/\">Internet Services<\/a><\/li>\n<\/ul><\/div><\/div><div class=\"fusion-additional-widget-content\"><\/div><\/div><div class=\"fusion-clearfix\"><\/div><\/div><\/div><\/div><\/div>\n","protected":false},"excerpt":{"rendered":"","protected":false},"author":3,"featured_media":0,"parent":0,"menu_order":0,"comment_status":"closed","ping_status":"closed","template":"","meta":{"footnotes":""},"class_list":["post-368","page","type-page","status-publish","hentry"],"yoast_head":"<!-- This site is optimized with the Yoast SEO plugin v26.7 - https:\/\/yoast.com\/wordpress\/plugins\/seo\/ -->\n<title>Services - RTCnow Streaming Services<\/title>\n<meta name=\"robots\" content=\"index, follow, max-snippet:-1, max-image-preview:large, max-video-preview:-1\" \/>\n<link rel=\"canonical\" href=\"https:\/\/www.rtcnow.com\/de\/services\/\" \/>\n<meta property=\"og:locale\" content=\"de_DE\" \/>\n<meta property=\"og:type\" content=\"article\" \/>\n<meta property=\"og:title\" content=\"Services - RTCnow Streaming Services\" \/>\n<meta property=\"og:url\" content=\"https:\/\/www.rtcnow.com\/de\/services\/\" \/>\n<meta property=\"og:site_name\" content=\"RTCnow Streaming Services\" \/>\n<meta property=\"article:modified_time\" content=\"2017-07-06T06:03:50+00:00\" \/>\n<meta name=\"twitter:card\" content=\"summary_large_image\" \/>\n<meta name=\"twitter:label1\" content=\"Gesch\u00e4tzte Lesezeit\" \/>\n\t<meta name=\"twitter:data1\" content=\"2\u00a0Minuten\" \/>\n<script type=\"application\/ld+json\" class=\"yoast-schema-graph\">{\"@context\":\"https:\/\/schema.org\",\"@graph\":[{\"@type\":\"WebPage\",\"@id\":\"https:\/\/www.rtcnow.com\/de\/services\/\",\"url\":\"https:\/\/www.rtcnow.com\/de\/services\/\",\"name\":\"Services - RTCnow Streaming Services\",\"isPartOf\":{\"@id\":\"https:\/\/www.rtcnow.com\/de\/#website\"},\"datePublished\":\"2017-06-29T13:17:11+00:00\",\"dateModified\":\"2017-07-06T06:03:50+00:00\",\"breadcrumb\":{\"@id\":\"https:\/\/www.rtcnow.com\/de\/services\/#breadcrumb\"},\"inLanguage\":\"de\",\"potentialAction\":[{\"@type\":\"ReadAction\",\"target\":[\"https:\/\/www.rtcnow.com\/de\/services\/\"]}]},{\"@type\":\"BreadcrumbList\",\"@id\":\"https:\/\/www.rtcnow.com\/de\/services\/#breadcrumb\",\"itemListElement\":[{\"@type\":\"ListItem\",\"position\":1,\"name\":\"Home\",\"item\":\"https:\/\/www.rtcnow.com\/de\/\"},{\"@type\":\"ListItem\",\"position\":2,\"name\":\"Services\"}]},{\"@type\":\"WebSite\",\"@id\":\"https:\/\/www.rtcnow.com\/de\/#website\",\"url\":\"https:\/\/www.rtcnow.com\/de\/\",\"name\":\"RTCnow Streaming Services\",\"description\":\"Corporate Website of RTCnow\",\"potentialAction\":[{\"@type\":\"SearchAction\",\"target\":{\"@type\":\"EntryPoint\",\"urlTemplate\":\"https:\/\/www.rtcnow.com\/de\/?s={search_term_string}\"},\"query-input\":{\"@type\":\"PropertyValueSpecification\",\"valueRequired\":true,\"valueName\":\"search_term_string\"}}],\"inLanguage\":\"de\"}]}<\/script>\n<!-- \/ Yoast SEO plugin. -->","yoast_head_json":{"title":"Services - RTCnow Streaming Services","robots":{"index":"index","follow":"follow","max-snippet":"max-snippet:-1","max-image-preview":"max-image-preview:large","max-video-preview":"max-video-preview:-1"},"canonical":"https:\/\/www.rtcnow.com\/de\/services\/","og_locale":"de_DE","og_type":"article","og_title":"Services - RTCnow Streaming Services","og_url":"https:\/\/www.rtcnow.com\/de\/services\/","og_site_name":"RTCnow Streaming Services","article_modified_time":"2017-07-06T06:03:50+00:00","twitter_card":"summary_large_image","twitter_misc":{"Gesch\u00e4tzte Lesezeit":"2\u00a0Minuten"},"schema":{"@context":"https:\/\/schema.org","@graph":[{"@type":"WebPage","@id":"https:\/\/www.rtcnow.com\/de\/services\/","url":"https:\/\/www.rtcnow.com\/de\/services\/","name":"Services - RTCnow Streaming Services","isPartOf":{"@id":"https:\/\/www.rtcnow.com\/de\/#website"},"datePublished":"2017-06-29T13:17:11+00:00","dateModified":"2017-07-06T06:03:50+00:00","breadcrumb":{"@id":"https:\/\/www.rtcnow.com\/de\/services\/#breadcrumb"},"inLanguage":"de","potentialAction":[{"@type":"ReadAction","target":["https:\/\/www.rtcnow.com\/de\/services\/"]}]},{"@type":"BreadcrumbList","@id":"https:\/\/www.rtcnow.com\/de\/services\/#breadcrumb","itemListElement":[{"@type":"ListItem","position":1,"name":"Home","item":"https:\/\/www.rtcnow.com\/de\/"},{"@type":"ListItem","position":2,"name":"Services"}]},{"@type":"WebSite","@id":"https:\/\/www.rtcnow.com\/de\/#website","url":"https:\/\/www.rtcnow.com\/de\/","name":"RTCnow Streaming Services","description":"Corporate Website of RTCnow","potentialAction":[{"@type":"SearchAction","target":{"@type":"EntryPoint","urlTemplate":"https:\/\/www.rtcnow.com\/de\/?s={search_term_string}"},"query-input":{"@type":"PropertyValueSpecification","valueRequired":true,"valueName":"search_term_string"}}],"inLanguage":"de"}]}},"_links":{"self":[{"href":"https:\/\/www.rtcnow.com\/de\/wp-json\/wp\/v2\/pages\/368","targetHints":{"allow":["GET"]}}],"collection":[{"href":"https:\/\/www.rtcnow.com\/de\/wp-json\/wp\/v2\/pages"}],"about":[{"href":"https:\/\/www.rtcnow.com\/de\/wp-json\/wp\/v2\/types\/page"}],"author":[{"embeddable":true,"href":"https:\/\/www.rtcnow.com\/de\/wp-json\/wp\/v2\/users\/3"}],"replies":[{"embeddable":true,"href":"https:\/\/www.rtcnow.com\/de\/wp-json\/wp\/v2\/comments?post=368"}],"version-history":[{"count":17,"href":"https:\/\/www.rtcnow.com\/de\/wp-json\/wp\/v2\/pages\/368\/revisions"}],"predecessor-version":[{"id":1071,"href":"https:\/\/www.rtcnow.com\/de\/wp-json\/wp\/v2\/pages\/368\/revisions\/1071"}],"wp:attachment":[{"href":"https:\/\/www.rtcnow.com\/de\/wp-json\/wp\/v2\/media?parent=368"}],"curies":[{"name":"wp","href":"https:\/\/api.w.org\/{rel}","templated":true}]}}